{"id":2123,"date":"2021-01-10T19:45:12","date_gmt":"2021-01-10T18:45:12","guid":{"rendered":"https:\/\/www.wufzentrum.de\/?page_id=2123"},"modified":"2021-01-10T20:21:41","modified_gmt":"2021-01-10T19:21:41","slug":"spenden","status":"publish","type":"page","link":"https:\/\/www.wufzentrum.de\/index.php\/spenden\/","title":{"rendered":"Spenden"},"content":{"rendered":"<h3> Spendenhinweis<\/h3>\n<p><img loading=\"lazy\" decoding=\"async\" width=\"390\" height=\"190\" align=\"right\" src=\"https:\/\/www.wufzentrum.de\/wp-content\/uploads\/2021\/01\/IMG_0634.jpg\"><\/p>\n<p>Unterst\u00fctzt den WuF e.V. (Schwulesbisches Zentrum W\u00fcrzburg)<\/p>\n<p>Wir freuen uns \u00fcber Ihre Spende:<\/p>\n<p>Sparkasse Mainfranken W\u00fcrzburg<br \/>\nWuF-Zentrum e.V.<\/p>\n<p>IBAN DE30 7905 0000 0000 0365 58<br \/>\nBIC BYLADEM1SWU<\/p>\n<p>BLZ 790 500 00<br \/>\nKto 365 58<\/p>\n","protected":false},"excerpt":{"rendered":"<p>Spendenhinweis Unterst\u00fctzt den WuF e.V. (Schwulesbisches Zentrum W\u00fcrzburg) Wir freuen uns \u00fcber Ihre Spende: Sparkasse Mainfranken W\u00fcrzburg WuF-Zentrum e.V. IBAN DE30 7905 0000 0000 0365 58 BIC BYLADEM1SWU BLZ 790 500 00 Kto 365 58<\/p>\n","protected":false},"author":4,"featured_media":0,"parent":0,"menu_order":0,"comment_status":"closed","ping_status":"closed","template":"","meta":{"footnotes":""},"class_list":["post-2123","page","type-page","status-publish","hentry"],"_links":{"self":[{"href":"https:\/\/www.wufzentrum.de\/index.php\/wp-json\/wp\/v2\/pages\/2123","targetHints":{"allow":["GET"]}}],"collection":[{"href":"https:\/\/www.wufzentrum.de\/index.php\/wp-json\/wp\/v2\/pages"}],"about":[{"href":"https:\/\/www.wufzentrum.de\/index.php\/wp-json\/wp\/v2\/types\/page"}],"author":[{"embeddable":true,"href":"https:\/\/www.wufzentrum.de\/index.php\/wp-json\/wp\/v2\/users\/4"}],"replies":[{"embeddable":true,"href":"https:\/\/www.wufzentrum.de\/index.php\/wp-json\/wp\/v2\/comments?post=2123"}],"version-history":[{"count":11,"href":"https:\/\/www.wufzentrum.de\/index.php\/wp-json\/wp\/v2\/pages\/2123\/revisions"}],"predecessor-version":[{"id":2136,"href":"https:\/\/www.wufzentrum.de\/index.php\/wp-json\/wp\/v2\/pages\/2123\/revisions\/2136"}],"wp:attachment":[{"href":"https:\/\/www.wufzentrum.de\/index.php\/wp-json\/wp\/v2\/media?parent=2123"}],"curies":[{"name":"wp","href":"https:\/\/api.w.org\/{rel}","templated":true}]}}