{"id":1591,"date":"2020-05-29T17:36:48","date_gmt":"2020-05-29T15:36:48","guid":{"rendered":"https:\/\/www.wufzentrum.de\/?page_id=1591"},"modified":"2026-04-11T00:44:24","modified_gmt":"2026-04-10T22:44:24","slug":"startseite","status":"publish","type":"page","link":"https:\/\/www.wufzentrum.de\/","title":{"rendered":"Aktuelles &#8211; Startseite"},"content":{"rendered":"\n\n<p><img loading=\"lazy\" decoding=\"async\" class=\"alignnone size-medium wp-image-1414 aligncenter\" src=\"https:\/\/www.wufzentrum.de\/wp-content\/uploads\/2022\/06\/Logo-WuF-Zentrum_gross.png\" alt=\"Logo WuF-Zentrum\" width=\"580\" height=\"580\"><\/p>\n<h1 style=\"text-align: center;\">Herzlich Willkommen auf unserer Website!<\/h1>\n<h3 style=\"text-align: center;\">Schau dich um und entdecke, was wir zu bieten haben &#8211; queer Beet ;-).<br>Wir freuen uns sehr darauf, dich bei uns begr\u00fc\u00dfen und kennenlernen zu d\u00fcrfen!<\/h3>\n<p>&nbsp;<\/p>\n<p>&nbsp;<\/p>\n<h2>Bild der Woche<\/h2>\n<br><a href=\"https:\/\/www.wufzentrum.de\/index.php\/bilder-akw\/\"> <img loading=\"lazy\" decoding=\"async\" class=\"alignleft\" src=\"https:\/\/www.wufzentrum.de\/wp-content\/uploads\/2026\/03\/ChatGPT-Image-28.-Maerz-2026-22_02_42.png\" alt=\"\" width=\"375\" height=\"375\"> <--- nostalgische AKW-Bilder hier <\/a> \n<BR>\n<BR>\n<BR>\n<BR>\n<BR>\n<BR>\n<BR>\n<BR>\n<BR>\n<BR>\n<BR>\n<p>&nbsp;<\/p>\n<p>&nbsp;<\/p>\n<p>&nbsp;<\/p>\n<p>&nbsp;<\/p>\n<p>&nbsp;<\/p>\n<p>&nbsp;<\/p>\n<p>&nbsp;<\/p>\n<p>&nbsp;<\/p>\n<p>&nbsp;<\/p>\n<p>&nbsp;<\/p>\n<p>&nbsp;<\/p>\n<p>&nbsp;<\/p>\n<p>&nbsp;<\/p>\n<p>&nbsp;<\/p>\n<p>&nbsp;<\/p>\n<p>&nbsp;<\/p>\n<b><b>____________________________________________________________________________________________________ <br><\/b><\/b>\n<h3>Hallo, wie ihr wisst, braucht es f\u00fcr unsere Vielfalt an Veranstaltungen Menschen, sie Lust haben, etwas auf die Beine zu stellen. Personen, <br>*die Theke machen, <br>*die Ideen haben und diese umsetzen m\u00f6chten&#8230; <br><a href=\"mailto:vorstand@wufzentrum.de\"><u>Schreibt uns einfach <\/u> <\/a> und meldet euch f\u00fcr`s<\/h3>\n<h2><a href=\"https:\/\/www.wufzentrum.de\/wp-content\/uploads\/2024\/11\/5_Werdet-Unsere-Freunde.mp3\">Quartalsplanungstreffen <\/a> am 07.06.2026 um 18:00 Uhr im WuF-Zentrum<\/h2>\n<h3>an!<\/h3>\n<b><b><br><img loading=\"lazy\" decoding=\"async\" src=\"https:\/\/www.wufzentrum.de\/wp-content\/uploads\/2025\/01\/WuF_aktuell-scaled.jpg\" width=\"580\" height=\"580\" align=\"right\"><\/b><\/b>\n<p>&nbsp;<\/p>\n<b><b><br><\/b><\/b>\n<h3>Das aktuellste wufmag findest du hier: <a href=\"https:\/\/www.wufzentrum.de\/wp-content\/uploads\/2026\/03\/2026-04_april_OV.pdf\"><img loading=\"lazy\" decoding=\"async\" src=\"https:\/\/www.wufzentrum.de\/wp-content\/uploads\/2026\/03\/Titel_wufmag_April_2026.png\" width=\"190\" height=\"190\" align=\"center\"><\/a><\/h3>\n<b><b>(Das n\u00e4chste kommt im Mai&#8230;)<\/b><\/b>\n<p>&nbsp;<\/p>\n<b><b>____________________________________________________________________________________________________<\/b><\/b><hr>\n<h4>Unsere n\u00e4chsten Termine:<\/h4>\n<div class=\"row\">\n                    <ul class=\"sort-destination isotope gallery-items\" data-sort-id=\"gallery\"><li class=\"col-md-4 col-sm-6 grid-item event-grid-item  term-81 term-90 format-standard\">\n                        \t<div class=\"grid-item-inner\"><div class=\"grid-item-content\">\n                                    \t<span class=\"event-date\">\n                                        \t<span class=\"date\">14<\/span>\n                                            <span class=\"month\">Apr.<\/span>\n                                            <span class=\"year\">2026<\/span>\n                                        <\/span><span class=\"meta-data\">Dienstag - 18:30-21:00<\/span><h3 class=\"post-title\"><a href=\"https:\/\/www.wufzentrum.de\/index.php\/event\/schulprojekt_planungstreffen-geschlossene-gesellschaft\/?event_date=2026-04-14\">Schulprojekt_Planungstreffen &#8211; geschlossene Gesellschaft __R<\/a><\/h3><ul class=\"list-group\"><li class=\"list-group-item\">WuF-Zentrum, Nigglweg 2, 97082 W\u00fcrzburg<span class=\"badge\">Location<\/span><\/li><\/ul><\/div>\n                           \t<\/div>\n                        <\/li><li class=\"col-md-4 col-sm-6 grid-item event-grid-item  term-75 term-90 format-standard\">\n                        \t<div class=\"grid-item-inner\"><div class=\"grid-item-content\">\n                                    \t<span class=\"event-date\">\n                                        \t<span class=\"date\">15<\/span>\n                                            <span class=\"month\">Apr.<\/span>\n                                            <span class=\"year\">2026<\/span>\n                                        <\/span><span class=\"meta-data\">Mittwoch - 20:00-22:00<\/span><h3 class=\"post-title\"><a href=\"https:\/\/www.wufzentrum.de\/index.php\/event\/rosa-hilfe\/?event_date=2026-04-15\">Rosa Hilfe __D<\/a><\/h3><ul class=\"list-group\"><li class=\"list-group-item\">Nigglweg 2, 97082 W\u00fcrzburg<span class=\"badge\">Location<\/span><\/li><\/ul><\/div>\n                           \t<\/div>\n                        <\/li><li class=\"col-md-4 col-sm-6 grid-item event-grid-item  term-74 term-90 format-standard\">\n                        \t<div class=\"grid-item-inner\"><div class=\"grid-item-content\">\n                                    \t<span class=\"event-date\">\n                                        \t<span class=\"date\">16<\/span>\n                                            <span class=\"month\">Apr.<\/span>\n                                            <span class=\"year\">2026<\/span>\n                                        <\/span><span class=\"meta-data\">Donnerstag - 19:00-23:00<\/span><h3 class=\"post-title\"><a href=\"https:\/\/www.wufzentrum.de\/index.php\/event\/offener-abend-neu-frueher__d\/?event_date=2026-04-16\">Offener Abend (neu: fr\u00fcher)__D<\/a><\/h3><ul class=\"list-group\"><li class=\"list-group-item\">Nigglweg 2, 97082 W\u00fcrzburg<span class=\"badge\">Location<\/span><\/li><\/ul><\/div>\n                           \t<\/div>\n                        <\/li><li class=\"col-md-4 col-sm-6 grid-item event-grid-item  term-81 term-90 format-standard\">\n                        \t<div class=\"grid-item-inner\"><div class=\"grid-item-content\">\n                                    \t<span class=\"event-date\">\n                                        \t<span class=\"date\">17<\/span>\n                                            <span class=\"month\">Apr.<\/span>\n                                            <span class=\"year\">2026<\/span>\n                                        <\/span><span class=\"meta-data\">Freitag - 20:00-23:00<\/span><h3 class=\"post-title\"><a href=\"https:\/\/www.wufzentrum.de\/index.php\/event\/dejawue-jugendgruppe\/?event_date=2026-04-17\">DejaW\u00fc &#8211; Jugendgruppe __R<\/a><\/h3><ul class=\"list-group\"><li class=\"list-group-item\">Nigglweg 2, 97082 W\u00fcrzburg<span class=\"badge\">Location<\/span><\/li><\/ul><\/div>\n                           \t<\/div>\n                        <\/li><li class=\"col-md-4 col-sm-6 grid-item event-grid-item  term-86 term-90 format-standard\">\n                        \t<div class=\"grid-item-inner\"><div class=\"grid-item-content\">\n                                    \t<span class=\"event-date\">\n                                        \t<span class=\"date\">19<\/span>\n                                            <span class=\"month\">Apr.<\/span>\n                                            <span class=\"year\">2026<\/span>\n                                        <\/span><span class=\"meta-data\">Sonntag - 16:00-18:00<\/span><h3 class=\"post-title\"><a href=\"https:\/\/www.wufzentrum.de\/index.php\/event\/lieblingsbuch-reloaded\/?event_date=2026-04-19\">Lieblingsbuch reloaded __R<\/a><\/h3><ul class=\"list-group\"><li class=\"list-group-item\">Nigglweg 2, 97082 W\u00fcrzburg<span class=\"badge\">Location<\/span><\/li><\/ul><\/div>\n                           \t<\/div>\n                        <\/li><li class=\"col-md-4 col-sm-6 grid-item event-grid-item  format-standard\">\n                        \t<div class=\"grid-item-inner\"><div class=\"grid-item-content\">\n                                    \t<span class=\"event-date\">\n                                        \t<span class=\"date\">20<\/span>\n                                            <span class=\"month\">Apr.<\/span>\n                                            <span class=\"year\">2026<\/span>\n                                        <\/span><span class=\"meta-data\">Montag - 17:00-21:00<\/span><h3 class=\"post-title\"><a href=\"https:\/\/www.wufzentrum.de\/index.php\/event\/raum-belegt\/?event_date=2026-04-20\">Raum belegt<\/a><\/h3><ul class=\"list-group\"><li class=\"list-group-item\">Nigglweg 2, 97082 W\u00fcrzburg<span class=\"badge\">Location<\/span><\/li><\/ul><\/div>\n                           \t<\/div>\n                        <\/li><\/ul><\/div>\n<p>&nbsp;<\/p>\n<p>Nichts f\u00fcr dich dabei? Alle Termine findest du in unserem <a href=\"https:\/\/www.wufzentrum.de\/index.php\/kalender\/\">Kalender<\/a>!<\/p>\n<\/figure>\n\n\n<h2>Angebote 2025<\/h2>\n<div class=\"wp-block-image\">\n<figure class=\"aligncenter size-large\"><a href=\"https:\/\/www.aidsberatung-unterfranken.de\/test-hiv\/termine-fuer-schnelltest\/\"><img loading=\"lazy\" decoding=\"async\" class=\"wp-image-1758\" src=\"https:\/\/www.wufzentrum.de\/wp-content\/uploads\/2026\/02\/HIV-Test.png\" alt=\"\" width=\"375\" height=\"375\" \/><\/a><a href=\"https:\/\/www.wufzentrum.de\/wp-content\/uploads\/2026\/04\/5a4d9924-5866-4a37-beef-da3098bedf67.jpg\"><img loading=\"lazy\" decoding=\"async\" src=\"https:\/\/www.wufzentrum.de\/wp-content\/uploads\/2026\/04\/5a4d9924-5866-4a37-beef-da3098bedf67.jpg\" alt=\"\" width=\"380\" height=\"380\" \/><\/a><a href=\"https:\/\/www.wufzentrum.de\/index.php\/event\/t8-queen-elisabeth-ii\/?event_date=2026-04-21\"><img loading=\"lazy\" decoding=\"async\" src=\"https:\/\/www.wufzentrum.de\/wp-content\/uploads\/2026\/03\/ChatGPT-Image-28.-Maerz-2026-22_02_42.png\" alt=\"\" width=\"380\" height=\"380\" \/><\/a><a href=\"https:\/\/www.wufzentrum.de\/index.php\/event\/t8-einheit\/?event_date=2026-05-05\"><img loading=\"lazy\" decoding=\"async\" src=\"https:\/\/www.wufzentrum.de\/wp-content\/uploads\/2026\/04\/Queerer-Erstiabend_2026.jpg\" alt=\"\" width=\"380\" height=\"380\" \/><\/a><a href=\"https:\/\/www.wufzentrum.de\/wp-content\/uploads\/2026\/03\/Treffpunkt-8-Pride-Kneipenquiz-in-Wuerzburg.png\"><img loading=\"lazy\" decoding=\"async\" src=\"https:\/\/www.wufzentrum.de\/wp-content\/uploads\/2026\/03\/Treffpunkt-8-Pride-Kneipenquiz-in-Wuerzburg.png\" alt=\"\" width=\"380\" height=\"380\" \/><\/a><a href=\"https:\/\/www.wufzentrum.de\/wp-content\/uploads\/2026\/03\/ChatGPT-Image-28.-Maerz-2026-22_09_33.png\"><img loading=\"lazy\" decoding=\"async\" src=\"https:\/\/www.wufzentrum.de\/wp-content\/uploads\/2026\/03\/ChatGPT-Image-28.-Maerz-2026-22_09_33.png\" alt=\"\" width=\"380\" height=\"380\" \/><\/a><a href=\"https:\/\/www.wufzentrum.de\/index.php\/event\/treffpunkt8-thema\/?event_date=2025-09-2\"><img loading=\"lazy\" decoding=\"async\" src=\"https:\/\/www.wufzentrum.de\/wp-content\/uploads\/2023\/12\/flyerdruckbild.jpg\" alt=\"\" width=\"380\" height=\"380\" \/><\/a><\/figure> \n<\/div>\n<h4>Schnelltestangebot der HIV\/Aids-Beratung in Schweinfurt und W\u00fcrzburg<\/h4>\n<p>Seit 2021 bietet die HIV-\/Aidsberatungsstelle an jedem vierten Dienstag einen anonymen Schnelltestabend in Schweinfurt in den R\u00e4umlichkeiten der Casa Vielfalt, St.-Anton-Str. 8, 97422 Schweinfurt an. Ab Oktober 2021 finden wieder regelm\u00e4\u00dfige Schnelltestabende in den Beratungsr\u00e4umen in W\u00fcrzburg statt: jeden zweiten Mittwoch in der Bahnhofstra\u00dfe 4-6, 97070 W\u00fcrzburg, 2.OG. Zus\u00e4tzlich ist dort ein Schnelltest auch zu unseren \u00d6ffnungszeiten mit vorheriger Terminabsprache m\u00f6glich. Ruf gerne an und komm vorbei.<br \/>Es gibt Tests auf HIV- und Syphilis-Antik\u00f6rper (anonym, 10,-\u20ac). Abzukl\u00e4rende Kontakte m\u00fcssen mindestens 12 Wochen zur\u00fcckliegen.<br \/>Alles vertraulich! Ein Test schafft Klarheit.<br \/>Aktuelle Informationen zu den Testangeboten findest du unter: <a href=\"https:\/\/www.aidsberatung-unterfranken.de\/test-hiv\/termine-fuer-schnelltest\/\"> HIV-\/Aidsberatung Unterfranken <\/a><\/p>","protected":false},"excerpt":{"rendered":"<p>Herzlich Willkommen auf unserer Website! Schau dich um und entdecke, was wir zu bieten haben &#8211; queer Beet ;-).Wir freuen uns sehr darauf, dich bei uns begr\u00fc\u00dfen und kennenlernen zu d\u00fcrfen! &nbsp; &nbsp; Bild der Woche<\/p>\n","protected":false},"author":2,"featured_media":0,"parent":0,"menu_order":0,"comment_status":"closed","ping_status":"closed","template":"","meta":{"footnotes":""},"class_list":["post-1591","page","type-page","status-publish","hentry"],"_links":{"self":[{"href":"https:\/\/www.wufzentrum.de\/index.php\/wp-json\/wp\/v2\/pages\/1591","targetHints":{"allow":["GET"]}}],"collection":[{"href":"https:\/\/www.wufzentrum.de\/index.php\/wp-json\/wp\/v2\/pages"}],"about":[{"href":"https:\/\/www.wufzentrum.de\/index.php\/wp-json\/wp\/v2\/types\/page"}],"author":[{"embeddable":true,"href":"https:\/\/www.wufzentrum.de\/index.php\/wp-json\/wp\/v2\/users\/2"}],"replies":[{"embeddable":true,"href":"https:\/\/www.wufzentrum.de\/index.php\/wp-json\/wp\/v2\/comments?post=1591"}],"version-history":[{"count":1250,"href":"https:\/\/www.wufzentrum.de\/index.php\/wp-json\/wp\/v2\/pages\/1591\/revisions"}],"predecessor-version":[{"id":8807,"href":"https:\/\/www.wufzentrum.de\/index.php\/wp-json\/wp\/v2\/pages\/1591\/revisions\/8807"}],"wp:attachment":[{"href":"https:\/\/www.wufzentrum.de\/index.php\/wp-json\/wp\/v2\/media?parent=1591"}],"curies":[{"name":"wp","href":"https:\/\/api.w.org\/{rel}","templated":true}]}}