{"id":1522,"date":"2020-05-01T15:12:42","date_gmt":"2020-05-01T13:12:42","guid":{"rendered":"https:\/\/www.wufzentrum.de\/?page_id=1522"},"modified":"2020-06-28T18:18:50","modified_gmt":"2020-06-28T16:18:50","slug":"queer-pride-wuerzburg","status":"publish","type":"page","link":"https:\/\/www.wufzentrum.de\/index.php\/queer-pride-wuerzburg\/","title":{"rendered":"Queer Pride W\u00fcrzburg"},"content":{"rendered":"\n<p>Der Verein wurde im Februar 2018 gegr\u00fcndet und hat als Hauptziel, j\u00e4hrlich einen CSD in der W\u00fcrzburger Innenstadt zu veranstalten.<\/p>\n<p>Wir wollen Einfluss nehmen auf das kulturelle und gesellschaftliche Leben. Dies wollen wir erreichen durch die Organisation und Durchf\u00fchrung von \u00f6ffentlichen Veranstaltungen, die geeignet sind, bestehende Vorurteile und Diskriminierungen gegen\u00fcber LSBTIQA* zu beenden. Das Ziel ist, die volle rechtliche Gleichstellung dieser Gruppen in allen Bereichen des Lebens zu f\u00f6rdern und letztlich zu erreichen.<\/p>\n<p>Wichtig ist uns dabei auch die Unterst\u00fctzung von Menschen, die Opfer von Gewalt aufgrund ihrer sexuellen Orientierung geworden sind. Selbstverst\u00e4ndlich f\u00fcr uns ist auch die solidarische Unterst\u00fctzung von Menschen mit HIV und AIDS.<\/p>\n<p>In diesem Sinne m\u00f6chten wir auch mit in- und ausl\u00e4ndischen Vereinigungen und Verb\u00e4nden, welche vergleichbare Zielsetzungen haben, zusammenarbeiten.<\/p>\n<p>Willst du das auch? Dann unterst\u00fctze uns mit deiner Mitgliedschaft!<\/p>\n<p>Bei Fragen melde dich gern \u00fcber unser Kontaktformular!<\/p>\n<p><strong>Ansprechpartner:<\/strong><\/p>\n<div class=\"col-md-4 \" data-appear-animation=\"bounceInRight\"><img decoding=\"async\" class=\"alignnone size-medium wp-image-1523\" alt=\"Queer Pride W\u00fcrzburg\" src=\"https:\/\/www.wufzentrum.de\/wp-content\/uploads\/2020\/06\/QPW\u00fc_rund_rosa.gif\"><\/div><div class=\"col-md-8 \" data-appear-animation=\"bounceInRight\">Queer Pride W\u00fcrzburg-Team<\/p>\n<p>Kontakt:<\/p>\n<div class=\"wpcf7 no-js\" id=\"wpcf7-f1521-o1\" lang=\"de-DE\" dir=\"ltr\" data-wpcf7-id=\"1521\">\n<div class=\"screen-reader-response\"><p role=\"status\" aria-live=\"polite\" aria-atomic=\"true\"><\/p> <ul><\/ul><\/div>\n<form action=\"\/index.php\/wp-json\/wp\/v2\/pages\/1522#wpcf7-f1521-o1\" method=\"post\" class=\"wpcf7-form init\" aria-label=\"Kontaktformular\" novalidate=\"novalidate\" data-status=\"init\">\n<div style=\"display: none;\">\n<input type=\"hidden\" name=\"_wpcf7\" value=\"1521\" \/>\n<input type=\"hidden\" name=\"_wpcf7_version\" value=\"6.0.3\" \/>\n<input type=\"hidden\" name=\"_wpcf7_locale\" value=\"de_DE\" \/>\n<input type=\"hidden\" name=\"_wpcf7_unit_tag\" value=\"wpcf7-f1521-o1\" \/>\n<input type=\"hidden\" name=\"_wpcf7_container_post\" value=\"0\" \/>\n<input type=\"hidden\" name=\"_wpcf7_posted_data_hash\" value=\"\" \/>\n<input type=\"hidden\" name=\"_wpcf7_recaptcha_response\" value=\"\" \/>\n<\/div>\n<div class=\"row\">\n\t<div class=\"col-md-5\">\n\t\t<div class=\"form-group\">\n\t\t\t<p><span class=\"wpcf7-form-control-wrap\" data-name=\"your-name\"><input size=\"40\" maxlength=\"400\" class=\"wpcf7-form-control wpcf7-text wpcf7-validates-as-required form-control\" aria-required=\"true\" aria-invalid=\"false\" placeholder=\"Name\" value=\"\" type=\"text\" name=\"your-name\" \/><\/span>\n\t\t\t<\/p>\n\t\t<\/div>\n\t\t<div class=\"form-group\">\n\t\t\t<p><span class=\"wpcf7-form-control-wrap\" data-name=\"your-email\"><input size=\"40\" maxlength=\"400\" class=\"wpcf7-form-control wpcf7-email wpcf7-validates-as-required wpcf7-text wpcf7-validates-as-email form-control\" aria-required=\"true\" aria-invalid=\"false\" placeholder=\"E-Mail-Adresse\" value=\"\" type=\"email\" name=\"your-email\" \/><\/span>\n\t\t\t<\/p>\n\t\t<\/div>\n\t\t<div class=\"form-group\">\n\t\t\t<p><span class=\"wpcf7-form-control-wrap\" data-name=\"your-phone\"><input size=\"40\" maxlength=\"400\" class=\"wpcf7-form-control wpcf7-tel wpcf7-text wpcf7-validates-as-tel form-control\" aria-invalid=\"false\" placeholder=\"Telefonnummer (freiwillig)\" value=\"\" type=\"tel\" name=\"your-phone\" \/><\/span>\n\t\t\t<\/p>\n\t\t<\/div>\n\t<\/div>\n\t<div class=\"col-md-7\">\n\t\t<div class=\"form-group\">\n\t\t\t<p><span class=\"wpcf7-form-control-wrap\" data-name=\"your-message\"><textarea cols=\"40\" rows=\"10\" maxlength=\"2000\" class=\"wpcf7-form-control wpcf7-textarea form-control\" aria-invalid=\"false\" placeholder=\"Deine Nachricht\" name=\"your-message\"><\/textarea><\/span>\n\t\t\t<\/p>\n\t\t<\/div>\n\t\t<div class=\"form-group\">\n\t\t\t<p><input class=\"wpcf7-form-control wpcf7-submit has-spinner btn btn-primary\" type=\"submit\" value=\"Abschicken\" \/>\n\t\t\t<\/p>\n\t\t<\/div>\n\t<\/div>\n<\/div><p style=\"display: none !important;\" class=\"akismet-fields-container\" data-prefix=\"_wpcf7_ak_\"><label>&#916;<textarea name=\"_wpcf7_ak_hp_textarea\" cols=\"45\" rows=\"8\" maxlength=\"100\"><\/textarea><\/label><input type=\"hidden\" id=\"ak_js_1\" name=\"_wpcf7_ak_js\" value=\"179\"\/><script>document.getElementById( \"ak_js_1\" ).setAttribute( \"value\", ( new Date() ).getTime() );<\/script><\/p><div class=\"wpcf7-response-output\" aria-hidden=\"true\"><\/div>\n<\/form>\n<\/div>\n<\/div>\n","protected":false},"excerpt":{"rendered":"<p>Der Verein wurde im Februar 2018 gegr\u00fcndet und hat als Hauptziel, j\u00e4hrlich einen CSD in der W\u00fcrzburger Innenstadt zu veranstalten. Wir wollen Einfluss nehmen auf das kulturelle und gesellschaftliche Leben. Dies wollen wir erreichen durch die Organisation und Durchf\u00fchrung von \u00f6ffentlichen Veranstaltungen, die geeignet sind, bestehende Vorurteile und Diskriminierungen gegen\u00fcber LSBTIQA* zu beenden. Das Ziel ist, die volle rechtliche Gleichstellung dieser Gruppen in allen Bereichen des Lebens zu f\u00f6rdern und letztlich zu erreichen. Wichtig ist uns dabei auch die Unterst\u00fctzung von Menschen, die Opfer von Gewalt aufgrund ihrer sexuellen Orientierung geworden sind. Selbstverst\u00e4ndlich f\u00fcr uns ist auch die solidarische Unterst\u00fctzung von Menschen mit HIV und AIDS. In diesem Sinne m\u00f6chten wir auch mit in- und ausl\u00e4ndischen Vereinigungen und Verb\u00e4nden, welche vergleichbare Zielsetzungen haben, zusammenarbeiten. Willst du das auch? Dann unterst\u00fctze uns mit deiner Mitgliedschaft! Bei Fragen melde dich gern \u00fcber unser Kontaktformular! Ansprechpartner:<\/p>\n","protected":false},"author":2,"featured_media":0,"parent":0,"menu_order":0,"comment_status":"closed","ping_status":"closed","template":"","meta":{"footnotes":""},"class_list":["post-1522","page","type-page","status-publish","hentry"],"_links":{"self":[{"href":"https:\/\/www.wufzentrum.de\/index.php\/wp-json\/wp\/v2\/pages\/1522","targetHints":{"allow":["GET"]}}],"collection":[{"href":"https:\/\/www.wufzentrum.de\/index.php\/wp-json\/wp\/v2\/pages"}],"about":[{"href":"https:\/\/www.wufzentrum.de\/index.php\/wp-json\/wp\/v2\/types\/page"}],"author":[{"embeddable":true,"href":"https:\/\/www.wufzentrum.de\/index.php\/wp-json\/wp\/v2\/users\/2"}],"replies":[{"embeddable":true,"href":"https:\/\/www.wufzentrum.de\/index.php\/wp-json\/wp\/v2\/comments?post=1522"}],"version-history":[{"count":3,"href":"https:\/\/www.wufzentrum.de\/index.php\/wp-json\/wp\/v2\/pages\/1522\/revisions"}],"predecessor-version":[{"id":1794,"href":"https:\/\/www.wufzentrum.de\/index.php\/wp-json\/wp\/v2\/pages\/1522\/revisions\/1794"}],"wp:attachment":[{"href":"https:\/\/www.wufzentrum.de\/index.php\/wp-json\/wp\/v2\/media?parent=1522"}],"curies":[{"name":"wp","href":"https:\/\/api.w.org\/{rel}","templated":true}]}}