{"id":1402,"date":"2019-07-13T12:57:34","date_gmt":"2019-07-13T10:57:34","guid":{"rendered":"https:\/\/www.wufzentrum.de\/?page_id=1402"},"modified":"2020-05-31T14:52:10","modified_gmt":"2020-05-31T12:52:10","slug":"anfahrtsbeschreibung","status":"publish","type":"page","link":"https:\/\/www.wufzentrum.de\/index.php\/anfahrtsbeschreibung\/","title":{"rendered":"Anfahrtsbeschreibung"},"content":{"rendered":"\n<p>Das WuF-Zentrum findest du in W\u00fcrzburg im Nigglweg 2.<\/p>\n<p>Wenn du mit dem Zug am Hauptbahnhof W\u00fcrzburg angekommen bist, gehst du auf den Bahnhofsvorplatz, von wo aus die Stra\u00dfenbahnen abfahren. Am Automaten musst du eine Karte f\u00fcr die Gro\u00dfwabe kaufen. Deine Linie ist die 2 oder 4 Richtung Zellerau, aussteigen musst du an der Haltestelle \u201eNeunerplatz\u201c. An der Haltestelle \u00fcberquerst du die Gleise und l\u00e4ufst links am Schwimmbad \u201eNautiland\u201c (aktuell Baustelle) vorbei. Nach 100 Metern siehst du auf der linken Seite das WuF-Zentrum, ein hellblaues Haus am Hang mit Regenbogenfahne.<\/p>\n<p>Gegen\u00fcber befindet sich der Parkplatz (ebenfalls momentan Baustelle). Sein Auto kann man in den umliegenden Stra\u00dfen abstellen, wenn man \u00fcber die Zeller Stra\u00dfe kommt. Beachte dabei die Hinweisschilder \u201eNautilandbad\/Eisbahn\u201c. In diesem Fall befindet sich das WuF-Zentrum auf dem Weg zum Nautiland auf der rechten Seite.<\/p>\n<div class=\"map-responsive\"><iframe loading=\"lazy\" style=\"border: 0;\" tabindex=\"0\" src=\"https:\/\/www.google.com\/maps\/embed?pb=!1m18!1m12!1m3!1d1152.5255005431804!2d9.919359194448354!3d49.79518756614193!2m3!1f0!2f0!3f0!3m2!1i1024!2i768!4f13.1!3m3!1m2!1s0x41734c506fbdf07f%3A0x8fc20adf299c7941!2sWufzentrum!5e1!3m2!1sde!2sde!4v1588347181167!5m2!1sde!2sde\" width=\"600\" height=\"450\" frameborder=\"0\" allowfullscreen=\"allowfullscreen\" aria-hidden=\"false\"><\/iframe><\/div>\n","protected":false},"excerpt":{"rendered":"<p>Das WuF-Zentrum findest du in W\u00fcrzburg im Nigglweg 2. Wenn du mit dem Zug am Hauptbahnhof W\u00fcrzburg angekommen bist, gehst du auf den Bahnhofsvorplatz, von wo aus die Stra\u00dfenbahnen abfahren. Am Automaten musst du eine Karte f\u00fcr die Gro\u00dfwabe kaufen. Deine Linie ist die 2 oder 4 Richtung Zellerau, aussteigen musst du an der Haltestelle \u201eNeunerplatz\u201c. An der Haltestelle \u00fcberquerst du die Gleise und l\u00e4ufst links am Schwimmbad \u201eNautiland\u201c (aktuell Baustelle) vorbei. Nach 100 Metern siehst du auf der linken Seite das WuF-Zentrum, ein hellblaues Haus am Hang mit Regenbogenfahne. Gegen\u00fcber befindet sich der Parkplatz (ebenfalls momentan Baustelle). Sein Auto kann man in den umliegenden Stra\u00dfen abstellen, wenn man \u00fcber die Zeller Stra\u00dfe kommt. Beachte dabei die Hinweisschilder \u201eNautilandbad\/Eisbahn\u201c. In diesem Fall befindet sich das WuF-Zentrum auf dem Weg zum Nautiland auf der rechten Seite.<\/p>\n","protected":false},"author":2,"featured_media":0,"parent":0,"menu_order":0,"comment_status":"closed","ping_status":"closed","template":"","meta":{"footnotes":""},"class_list":["post-1402","page","type-page","status-publish","hentry"],"_links":{"self":[{"href":"https:\/\/www.wufzentrum.de\/index.php\/wp-json\/wp\/v2\/pages\/1402","targetHints":{"allow":["GET"]}}],"collection":[{"href":"https:\/\/www.wufzentrum.de\/index.php\/wp-json\/wp\/v2\/pages"}],"about":[{"href":"https:\/\/www.wufzentrum.de\/index.php\/wp-json\/wp\/v2\/types\/page"}],"author":[{"embeddable":true,"href":"https:\/\/www.wufzentrum.de\/index.php\/wp-json\/wp\/v2\/users\/2"}],"replies":[{"embeddable":true,"href":"https:\/\/www.wufzentrum.de\/index.php\/wp-json\/wp\/v2\/comments?post=1402"}],"version-history":[{"count":8,"href":"https:\/\/www.wufzentrum.de\/index.php\/wp-json\/wp\/v2\/pages\/1402\/revisions"}],"predecessor-version":[{"id":1547,"href":"https:\/\/www.wufzentrum.de\/index.php\/wp-json\/wp\/v2\/pages\/1402\/revisions\/1547"}],"wp:attachment":[{"href":"https:\/\/www.wufzentrum.de\/index.php\/wp-json\/wp\/v2\/media?parent=1402"}],"curies":[{"name":"wp","href":"https:\/\/api.w.org\/{rel}","templated":true}]}}