{"id":1276,"date":"2018-07-28T11:18:39","date_gmt":"2018-07-28T09:18:39","guid":{"rendered":"https:\/\/www.wufzentrum.de\/?page_id=1276"},"modified":"2023-09-01T12:42:41","modified_gmt":"2023-09-01T10:42:41","slug":"transident","status":"publish","type":"page","link":"https:\/\/www.wufzentrum.de\/index.php\/transident\/","title":{"rendered":"TransIdent"},"content":{"rendered":"<p>Trans*menschen streben es an, oft mit starkem Leidensdruck (psychische Zerrissenheit der Pers\u00f6nlichkeit) dauerhaft dem anderen Geschlecht sozial und k\u00f6rperlich zuzugeh\u00f6ren. Hast du Fragen zu diesem Thema?<\/p>\n<p>Dann melde dich \u00fcber unser Kontaktformular (siehe unten).<\/p>\n<p>F\u00fcr \u201eBetroffene\u201c und Interessierte gibt es nun die M\u00f6glichkeit, Informationen zu den Themen Transsexualit\u00e4t und Geschlechtsanpassung zu erhalten.<\/p>\n<p>An jedem 1. Samstag im Monat um 16 Uhr findet im WuF-Zentrum das Treffen der TransIdent-Gruppe statt.<\/p>\n<p><img loading=\"lazy\" decoding=\"async\" src=\"https:\/\/www.wufzentrum.de\/wp-content\/uploads\/2021\/11\/PHOTO-2021-11-14-18-45-34_2.jpg\" width=\"320\" height=\"320\"> <img loading=\"lazy\" decoding=\"async\" src=\"https:\/\/www.wufzentrum.de\/wp-content\/uploads\/2021\/11\/PHOTO-2021-11-14-18-45-34.jpg\" width=\"320\" height=\"320\"> <img loading=\"lazy\" decoding=\"async\" src=\"https:\/\/www.wufzentrum.de\/wp-content\/uploads\/2021\/11\/PHOTO-2021-11-07-15-22-06.jpg\" width=\"285\" height=\"285\"><\/p>\n<p><strong>Ansprechpartnerin:<\/strong><\/p>\n<div class=\"col-md-4 \" data-appear-animation=\"bounceInRight\"><img loading=\"lazy\" decoding=\"async\" width=\"300\" height=\"300\" class=\"alignnone size-medium wp-image-1423\" src=\"https:\/\/www.wufzentrum.de\/wp-content\/uploads\/2020\/05\/TransIdent-300x300.jpg\" alt=\"\" srcset=\"https:\/\/www.wufzentrum.de\/wp-content\/uploads\/2020\/05\/TransIdent.jpg 300w, https:\/\/www.wufzentrum.de\/wp-content\/uploads\/2020\/05\/TransIdent-100x100.jpg 100w, https:\/\/www.wufzentrum.de\/wp-content\/uploads\/2020\/05\/TransIdent-150x150.jpg 150w, https:\/\/www.wufzentrum.de\/wp-content\/uploads\/2020\/05\/TransIdent-70x70.jpg 70w\"  sizes=\"(max-width: 300px) 100vw, 300px\" \/><\/div><div class=\"col-md-8 \" data-appear-animation=\"bounceInRight\">Sarah<\/p>\n<p>Kontakt:<\/p>\n<div class=\"wpcf7 no-js\" id=\"wpcf7-f1425-o1\" lang=\"de-DE\" dir=\"ltr\" data-wpcf7-id=\"1425\">\n<div class=\"screen-reader-response\"><p role=\"status\" aria-live=\"polite\" aria-atomic=\"true\"><\/p> <ul><\/ul><\/div>\n<form action=\"\/index.php\/wp-json\/wp\/v2\/pages\/1276#wpcf7-f1425-o1\" method=\"post\" class=\"wpcf7-form init\" aria-label=\"Kontaktformular\" novalidate=\"novalidate\" data-status=\"init\">\n<div style=\"display: none;\">\n<input type=\"hidden\" name=\"_wpcf7\" value=\"1425\" \/>\n<input type=\"hidden\" name=\"_wpcf7_version\" value=\"6.0.3\" \/>\n<input type=\"hidden\" name=\"_wpcf7_locale\" value=\"de_DE\" \/>\n<input type=\"hidden\" name=\"_wpcf7_unit_tag\" value=\"wpcf7-f1425-o1\" \/>\n<input type=\"hidden\" name=\"_wpcf7_container_post\" value=\"0\" \/>\n<input type=\"hidden\" name=\"_wpcf7_posted_data_hash\" value=\"\" \/>\n<input type=\"hidden\" name=\"_wpcf7_recaptcha_response\" value=\"\" \/>\n<\/div>\n<div class=\"row\">\n\t<div class=\"col-md-5\">\n\t\t<div class=\"form-group\">\n\t\t\t<p><span class=\"wpcf7-form-control-wrap\" data-name=\"your-name\"><input size=\"40\" maxlength=\"400\" class=\"wpcf7-form-control wpcf7-text wpcf7-validates-as-required form-control\" aria-required=\"true\" aria-invalid=\"false\" placeholder=\"Name\" value=\"\" type=\"text\" name=\"your-name\" \/><\/span>\n\t\t\t<\/p>\n\t\t<\/div>\n\t\t<div class=\"form-group\">\n\t\t\t<p><span class=\"wpcf7-form-control-wrap\" data-name=\"your-email\"><input size=\"40\" maxlength=\"400\" class=\"wpcf7-form-control wpcf7-email wpcf7-validates-as-required wpcf7-text wpcf7-validates-as-email form-control\" aria-required=\"true\" aria-invalid=\"false\" placeholder=\"E-Mail-Adresse\" value=\"\" type=\"email\" name=\"your-email\" \/><\/span>\n\t\t\t<\/p>\n\t\t<\/div>\n\t\t<div class=\"form-group\">\n\t\t\t<p><span class=\"wpcf7-form-control-wrap\" data-name=\"your-phone\"><input size=\"40\" maxlength=\"400\" class=\"wpcf7-form-control wpcf7-tel wpcf7-text wpcf7-validates-as-tel form-control\" aria-invalid=\"false\" placeholder=\"Telefonnummer (freiwillig)\" value=\"\" type=\"tel\" name=\"your-phone\" \/><\/span>\n\t\t\t<\/p>\n\t\t<\/div>\n\t<\/div>\n\t<div class=\"col-md-7\">\n\t\t<div class=\"form-group\">\n\t\t\t<p><span class=\"wpcf7-form-control-wrap\" data-name=\"your-message\"><textarea cols=\"40\" rows=\"10\" maxlength=\"2000\" class=\"wpcf7-form-control wpcf7-textarea form-control\" aria-invalid=\"false\" placeholder=\"Deine Nachricht\" name=\"your-message\"><\/textarea><\/span>\n\t\t\t<\/p>\n\t\t<\/div>\n\t\t<div class=\"form-group\">\n\t\t\t<p><input class=\"wpcf7-form-control wpcf7-submit has-spinner btn btn-primary\" type=\"submit\" value=\"Abschicken\" \/>\n\t\t\t<\/p>\n\t\t<\/div>\n\t<\/div>\n<\/div><p style=\"display: none !important;\" class=\"akismet-fields-container\" data-prefix=\"_wpcf7_ak_\"><label>&#916;<textarea name=\"_wpcf7_ak_hp_textarea\" cols=\"45\" rows=\"8\" maxlength=\"100\"><\/textarea><\/label><input type=\"hidden\" id=\"ak_js_1\" name=\"_wpcf7_ak_js\" value=\"118\"\/><script>document.getElementById( \"ak_js_1\" ).setAttribute( \"value\", ( new Date() ).getTime() );<\/script><\/p><div class=\"wpcf7-response-output\" aria-hidden=\"true\"><\/div>\n<\/form>\n<\/div>\n<\/div>\n","protected":false},"excerpt":{"rendered":"<p>Trans*menschen streben es an, oft mit starkem Leidensdruck (psychische Zerrissenheit der Pers\u00f6nlichkeit) dauerhaft dem anderen Geschlecht sozial und k\u00f6rperlich zuzugeh\u00f6ren. Hast du Fragen zu diesem Thema? Dann melde dich \u00fcber unser Kontaktformular (siehe unten). F\u00fcr \u201eBetroffene\u201c und Interessierte gibt es nun die M\u00f6glichkeit, Informationen zu den Themen Transsexualit\u00e4t und Geschlechtsanpassung zu erhalten. An jedem 1. Samstag im Monat um 16 Uhr findet im WuF-Zentrum das Treffen der TransIdent-Gruppe statt. Ansprechpartnerin:<\/p>\n","protected":false},"author":2,"featured_media":0,"parent":0,"menu_order":0,"comment_status":"closed","ping_status":"closed","template":"","meta":{"footnotes":""},"class_list":["post-1276","page","type-page","status-publish","hentry"],"_links":{"self":[{"href":"https:\/\/www.wufzentrum.de\/index.php\/wp-json\/wp\/v2\/pages\/1276","targetHints":{"allow":["GET"]}}],"collection":[{"href":"https:\/\/www.wufzentrum.de\/index.php\/wp-json\/wp\/v2\/pages"}],"about":[{"href":"https:\/\/www.wufzentrum.de\/index.php\/wp-json\/wp\/v2\/types\/page"}],"author":[{"embeddable":true,"href":"https:\/\/www.wufzentrum.de\/index.php\/wp-json\/wp\/v2\/users\/2"}],"replies":[{"embeddable":true,"href":"https:\/\/www.wufzentrum.de\/index.php\/wp-json\/wp\/v2\/comments?post=1276"}],"version-history":[{"count":23,"href":"https:\/\/www.wufzentrum.de\/index.php\/wp-json\/wp\/v2\/pages\/1276\/revisions"}],"predecessor-version":[{"id":5269,"href":"https:\/\/www.wufzentrum.de\/index.php\/wp-json\/wp\/v2\/pages\/1276\/revisions\/5269"}],"wp:attachment":[{"href":"https:\/\/www.wufzentrum.de\/index.php\/wp-json\/wp\/v2\/media?parent=1276"}],"curies":[{"name":"wp","href":"https:\/\/api.w.org\/{rel}","templated":true}]}}