{"id":1274,"date":"2018-07-28T11:16:13","date_gmt":"2018-07-28T09:16:13","guid":{"rendered":"https:\/\/www.wufzentrum.de\/?page_id=1274"},"modified":"2020-09-28T21:15:42","modified_gmt":"2020-09-28T19:15:42","slug":"rosa-hilfe","status":"publish","type":"page","link":"https:\/\/www.wufzentrum.de\/index.php\/rosa-hilfe\/","title":{"rendered":"Rosa Hilfe"},"content":{"rendered":"<p>Die Rosa Hilfe ist ein deutschlandweiter Markenbegriff f\u00fcr qualifizierte Beratung zu schwulen Themen durch schwule M\u00e4nner. Die meisten regionalen Rosa Hilfen sind \u00fcber die einheitliche Rufnummer 19446 gegebenenfalls mit der jeweiligen Ortsvorwahl zu erreichen.<\/p>\n<p>Wir, die Rosa Hilfe W\u00fcrzburg, haben uns unter dem Dach des W\u00fcrzburger schwulesbischen Zentrums WuF e.V. zu einem Beratungsteam zusammengefunden. Wir sind M\u00e4nner unterschiedlichen Alters (Mitte 20 bis Mitte 60 Jahre alt) und unterschiedlicher Berufe. Einige von uns haben eine psychologische oder sozialp\u00e4dagogische Ausbildung, andere nicht. Wir alle nehmen aber regelm\u00e4\u00dfig an Aus- und Fortbildungsma\u00dfnahmen zur Gespr\u00e4chsf\u00fchrung und zur Beratung teil. Unterst\u00fctzt werden wir dabei von unserem WuF-Zentrum und von der Stadt W\u00fcrzburg, an deren Selbsthilfeb\u00fcro wir angeschlossen sind.<\/p>\n<p>Zum Thema Coming out gibt es auch einen regionalen Film:<\/p>\n<p><\/p>\n\n\n<\/p>\n<figure class=\"wp-block-embed-youtube wp-block-embed is-type-video is-provider-youtube wp-embed-aspect-16-9 wp-has-aspect-ratio\">\n<div class=\"wp-block-embed__wrapper\">\n<iframe loading=\"lazy\" title=\"&quot;Don&#039;t Think! Let&#039;s Go!&quot; Ein schwuler ComingOut Film\" width=\"680\" height=\"383\" src=\"https:\/\/www.youtube.com\/embed\/RVAguN_JJeA?feature=oembed\" frameborder=\"0\" allow=\"accelerometer; autoplay; clipboard-write; encrypted-media; gyroscope; picture-in-picture\" allowfullscreen><\/iframe>\n<\/div>\n<\/figure>\n<p>\n\n\n<p><\/p>\n<p>Weitere Informationen findest Du auf unserer <a href=\"https:\/\/www.rosa-hilfe.de\" target=\"_blank\" rel=\"noopener noreferrer\">Webseite<\/a>.<\/p>\n<p><strong>Ansprechpartner:<\/strong><\/p>\n<div class=\"col-md-4 \" data-appear-animation=\"bounceInRight\"><img loading=\"lazy\" decoding=\"async\" width=\"300\" height=\"300\" class=\"alignnone size-medium wp-image-1506\" alt=\"Rosa Hilfe\" src=\"https:\/\/www.wufzentrum.de\/wp-content\/uploads\/2020\/05\/RosaHilfe-300x300.jpg\" srcset=\"https:\/\/www.wufzentrum.de\/wp-content\/uploads\/2020\/05\/RosaHilfe.jpg 300w, https:\/\/www.wufzentrum.de\/wp-content\/uploads\/2020\/05\/RosaHilfe-100x100.jpg 100w, https:\/\/www.wufzentrum.de\/wp-content\/uploads\/2020\/05\/RosaHilfe-150x150.jpg 150w, https:\/\/www.wufzentrum.de\/wp-content\/uploads\/2020\/05\/RosaHilfe-70x70.jpg 70w\"  sizes=\"(max-width: 300px) 100vw, 300px\" \/><\/div><div class=\"col-md-8 \" data-appear-animation=\"bounceInRight\">Rosa-Hilfe-Team<\/p>\n<p>Kontakt:<\/p>\n<div class=\"wpcf7 no-js\" id=\"wpcf7-f1473-o1\" lang=\"de-DE\" dir=\"ltr\" data-wpcf7-id=\"1473\">\n<div class=\"screen-reader-response\"><p role=\"status\" aria-live=\"polite\" aria-atomic=\"true\"><\/p> <ul><\/ul><\/div>\n<form action=\"\/index.php\/wp-json\/wp\/v2\/pages\/1274#wpcf7-f1473-o1\" method=\"post\" class=\"wpcf7-form init\" aria-label=\"Kontaktformular\" novalidate=\"novalidate\" data-status=\"init\">\n<div style=\"display: none;\">\n<input type=\"hidden\" name=\"_wpcf7\" value=\"1473\" \/>\n<input type=\"hidden\" name=\"_wpcf7_version\" value=\"6.0.3\" \/>\n<input type=\"hidden\" name=\"_wpcf7_locale\" value=\"de_DE\" \/>\n<input type=\"hidden\" name=\"_wpcf7_unit_tag\" value=\"wpcf7-f1473-o1\" \/>\n<input type=\"hidden\" name=\"_wpcf7_container_post\" value=\"0\" \/>\n<input type=\"hidden\" name=\"_wpcf7_posted_data_hash\" value=\"\" \/>\n<input type=\"hidden\" name=\"_wpcf7_recaptcha_response\" value=\"\" \/>\n<\/div>\n<div class=\"row\">\n\t<div class=\"col-md-5\">\n\t\t<div class=\"form-group\">\n\t\t\t<p><span class=\"wpcf7-form-control-wrap\" data-name=\"your-name\"><input size=\"40\" maxlength=\"400\" class=\"wpcf7-form-control wpcf7-text wpcf7-validates-as-required form-control\" aria-required=\"true\" aria-invalid=\"false\" placeholder=\"Name\" value=\"\" type=\"text\" name=\"your-name\" \/><\/span>\n\t\t\t<\/p>\n\t\t<\/div>\n\t\t<div class=\"form-group\">\n\t\t\t<p><span class=\"wpcf7-form-control-wrap\" data-name=\"your-email\"><input size=\"40\" maxlength=\"400\" class=\"wpcf7-form-control wpcf7-email wpcf7-validates-as-required wpcf7-text wpcf7-validates-as-email form-control\" aria-required=\"true\" aria-invalid=\"false\" placeholder=\"E-Mail-Adresse\" value=\"\" type=\"email\" name=\"your-email\" \/><\/span>\n\t\t\t<\/p>\n\t\t<\/div>\n\t\t<div class=\"form-group\">\n\t\t\t<p><span class=\"wpcf7-form-control-wrap\" data-name=\"your-phone\"><input size=\"40\" maxlength=\"400\" class=\"wpcf7-form-control wpcf7-tel wpcf7-text wpcf7-validates-as-tel form-control\" aria-invalid=\"false\" placeholder=\"Telefonnummer (freiwillig)\" value=\"\" type=\"tel\" name=\"your-phone\" \/><\/span>\n\t\t\t<\/p>\n\t\t<\/div>\n\t<\/div>\n\t<div class=\"col-md-7\">\n\t\t<div class=\"form-group\">\n\t\t\t<p><span class=\"wpcf7-form-control-wrap\" data-name=\"your-message\"><textarea cols=\"40\" rows=\"10\" maxlength=\"2000\" class=\"wpcf7-form-control wpcf7-textarea form-control\" aria-invalid=\"false\" placeholder=\"Deine Nachricht\" name=\"your-message\"><\/textarea><\/span>\n\t\t\t<\/p>\n\t\t<\/div>\n\t\t<div class=\"form-group\">\n\t\t\t<p><input class=\"wpcf7-form-control wpcf7-submit has-spinner btn btn-primary\" type=\"submit\" value=\"Abschicken\" \/>\n\t\t\t<\/p>\n\t\t<\/div>\n\t<\/div>\n<\/div><p style=\"display: none !important;\" class=\"akismet-fields-container\" data-prefix=\"_wpcf7_ak_\"><label>&#916;<textarea name=\"_wpcf7_ak_hp_textarea\" cols=\"45\" rows=\"8\" maxlength=\"100\"><\/textarea><\/label><input type=\"hidden\" id=\"ak_js_1\" name=\"_wpcf7_ak_js\" value=\"167\"\/><script>document.getElementById( \"ak_js_1\" ).setAttribute( \"value\", ( new Date() ).getTime() );<\/script><\/p><div class=\"wpcf7-response-output\" aria-hidden=\"true\"><\/div>\n<\/form>\n<\/div>\n<\/div>","protected":false},"excerpt":{"rendered":"<p>Die Rosa Hilfe ist ein deutschlandweiter Markenbegriff f\u00fcr qualifizierte Beratung zu schwulen Themen durch schwule M\u00e4nner. Die meisten regionalen Rosa Hilfen sind \u00fcber die einheitliche Rufnummer 19446 gegebenenfalls mit der jeweiligen Ortsvorwahl zu erreichen. Wir, die Rosa Hilfe W\u00fcrzburg, haben uns unter dem Dach des W\u00fcrzburger schwulesbischen Zentrums WuF e.V. zu einem Beratungsteam zusammengefunden. Wir sind M\u00e4nner unterschiedlichen Alters (Mitte 20 bis Mitte 60 Jahre alt) und unterschiedlicher Berufe. Einige von uns haben eine psychologische oder sozialp\u00e4dagogische Ausbildung, andere nicht. Wir alle nehmen aber regelm\u00e4\u00dfig an Aus- und Fortbildungsma\u00dfnahmen zur Gespr\u00e4chsf\u00fchrung und zur Beratung teil. Unterst\u00fctzt werden wir dabei von unserem WuF-Zentrum und von der Stadt W\u00fcrzburg, an deren Selbsthilfeb\u00fcro wir angeschlossen sind. Zum Thema Coming out gibt es auch einen regionalen Film: Weitere Informationen findest Du auf unserer Webseite. Ansprechpartner:<\/p>\n","protected":false},"author":2,"featured_media":0,"parent":0,"menu_order":0,"comment_status":"closed","ping_status":"closed","template":"","meta":{"footnotes":""},"class_list":["post-1274","page","type-page","status-publish","hentry"],"_links":{"self":[{"href":"https:\/\/www.wufzentrum.de\/index.php\/wp-json\/wp\/v2\/pages\/1274","targetHints":{"allow":["GET"]}}],"collection":[{"href":"https:\/\/www.wufzentrum.de\/index.php\/wp-json\/wp\/v2\/pages"}],"about":[{"href":"https:\/\/www.wufzentrum.de\/index.php\/wp-json\/wp\/v2\/types\/page"}],"author":[{"embeddable":true,"href":"https:\/\/www.wufzentrum.de\/index.php\/wp-json\/wp\/v2\/users\/2"}],"replies":[{"embeddable":true,"href":"https:\/\/www.wufzentrum.de\/index.php\/wp-json\/wp\/v2\/comments?post=1274"}],"version-history":[{"count":7,"href":"https:\/\/www.wufzentrum.de\/index.php\/wp-json\/wp\/v2\/pages\/1274\/revisions"}],"predecessor-version":[{"id":2047,"href":"https:\/\/www.wufzentrum.de\/index.php\/wp-json\/wp\/v2\/pages\/1274\/revisions\/2047"}],"wp:attachment":[{"href":"https:\/\/www.wufzentrum.de\/index.php\/wp-json\/wp\/v2\/media?parent=1274"}],"curies":[{"name":"wp","href":"https:\/\/api.w.org\/{rel}","templated":true}]}}