{"id":1260,"date":"2018-07-28T11:00:08","date_gmt":"2018-07-28T09:00:08","guid":{"rendered":"https:\/\/www.wufzentrum.de\/?page_id=1260"},"modified":"2022-04-19T10:47:48","modified_gmt":"2022-04-19T08:47:48","slug":"queer-company-wuerzburg","status":"publish","type":"page","link":"https:\/\/www.wufzentrum.de\/index.php\/queer-company-wuerzburg\/","title":{"rendered":"Queer Company W\u00fcrzburg"},"content":{"rendered":"<p>Seit ein paar Jahren gibt es eine lesbisch-schwule offene Theatergruppe. Sie entstand aus dem AK Lesbentr\u00e4ume, der bereits lesbische St\u00fccke auf die B\u00fchne brachte, und theaterspielfreudigen Leuten des WuF-Zentrums. Erstes gemeinsames Projekt war \u201eDie wahre Weihnachtsgeschichte\u201c, die 2009 und wegen des gro\u00dfen Interesses im darauf folgenden Jahr noch einmal aufgef\u00fchrt wurde. Seit dem gibt es am letzten Wochenende im November einen Doppelspieltermin. Bei unserer Weihnachtsfeier 2014 stimmten wir \u00fcber einen Gruppennamen ab und entschieden uns f\u00fcr \u201eQueer Company W\u00fcrzburg\u201c. Wegen der bevorstehenden Adventszeit und auf Wunsch vieler Zuschauer*innen wird h\u00e4ufig Weihnachten thematisiert. Aber immer ist es selbstgeschrieben, gesellschaftskritisch und was zum Lachen.<\/p>\n<p>Hast du Lust mitzuspielen? Bei Interesse schreibe uns \u00fcber unser Kontaktformular.<\/p>\n<h3>Was wir bisher gespielt haben:<\/h3>\n<ul>\n<li>2009: Die wahre Weihnachtsgeschichte<\/li>\n<li>2010: Die wahre Weihnachtsgeschichte<\/li>\n<li>2011: Im Schatten des Turms<\/li>\n<li>2012: Oh Tannenbaum \u2013 oh Tannenbaum<\/li>\n<li>2013: Ein Weihnachtsm\u00e4rchen<\/li>\n<li>2014: Neues aus Duddnbrunn<\/li>\n<li>2015: Weihnachtsalbtraum<\/li>\n<li>2016: Dornr\u00f6schen 2.0<\/li>\n<li>2017: Die fr\u00e4nggische Roggy Horror Bigscher Sho<\/li>\n<li>2018: In vino veritas<\/li>\n<li>2020: Fr\u00f6hliche Familienbande oder (St)Erben will gelernt sein<\/li>\n<\/ul>\n<p><strong>Ansprechpartnerin:<\/strong><\/p>\n<div class=\"col-md-4 \" data-appear-animation=\"bounceInRight\"><img loading=\"lazy\" decoding=\"async\" width=\"300\" height=\"300\" class=\"alignnone size-medium wp-image-1447\" src=\"https:\/\/www.wufzentrum.de\/wp-content\/uploads\/2020\/05\/wufzentrum-neutral-300x300.jpg\" alt=\"Ansprechpartner neutral\" srcset=\"https:\/\/www.wufzentrum.de\/wp-content\/uploads\/2020\/05\/wufzentrum-neutral.jpg 300w, https:\/\/www.wufzentrum.de\/wp-content\/uploads\/2020\/05\/wufzentrum-neutral-100x100.jpg 100w, https:\/\/www.wufzentrum.de\/wp-content\/uploads\/2020\/05\/wufzentrum-neutral-150x150.jpg 150w, https:\/\/www.wufzentrum.de\/wp-content\/uploads\/2020\/05\/wufzentrum-neutral-70x70.jpg 70w\"  sizes=\"(max-width: 300px) 100vw, 300px\" \/><\/div><div class=\"col-md-8 \" data-appear-animation=\"bounceInRight\">Nicki<\/p>\n<p>Kontakt:<\/p>\n<div class=\"wpcf7 no-js\" id=\"wpcf7-f1502-o1\" lang=\"de-DE\" dir=\"ltr\" data-wpcf7-id=\"1502\">\n<div class=\"screen-reader-response\"><p role=\"status\" aria-live=\"polite\" aria-atomic=\"true\"><\/p> <ul><\/ul><\/div>\n<form action=\"\/index.php\/wp-json\/wp\/v2\/pages\/1260#wpcf7-f1502-o1\" method=\"post\" class=\"wpcf7-form init\" aria-label=\"Kontaktformular\" novalidate=\"novalidate\" data-status=\"init\">\n<div style=\"display: none;\">\n<input type=\"hidden\" name=\"_wpcf7\" value=\"1502\" \/>\n<input type=\"hidden\" name=\"_wpcf7_version\" value=\"6.0.3\" \/>\n<input type=\"hidden\" name=\"_wpcf7_locale\" value=\"de_DE\" \/>\n<input type=\"hidden\" name=\"_wpcf7_unit_tag\" value=\"wpcf7-f1502-o1\" \/>\n<input type=\"hidden\" name=\"_wpcf7_container_post\" value=\"0\" \/>\n<input type=\"hidden\" name=\"_wpcf7_posted_data_hash\" value=\"\" \/>\n<input type=\"hidden\" name=\"_wpcf7_recaptcha_response\" value=\"\" \/>\n<\/div>\n<div class=\"row\">\n\t<div class=\"col-md-5\">\n\t\t<div class=\"form-group\">\n\t\t\t<p><span class=\"wpcf7-form-control-wrap\" data-name=\"your-name\"><input size=\"40\" maxlength=\"400\" class=\"wpcf7-form-control wpcf7-text wpcf7-validates-as-required form-control\" aria-required=\"true\" aria-invalid=\"false\" placeholder=\"Name\" value=\"\" type=\"text\" name=\"your-name\" \/><\/span>\n\t\t\t<\/p>\n\t\t<\/div>\n\t\t<div class=\"form-group\">\n\t\t\t<p><span class=\"wpcf7-form-control-wrap\" data-name=\"your-email\"><input size=\"40\" maxlength=\"400\" class=\"wpcf7-form-control wpcf7-email wpcf7-validates-as-required wpcf7-text wpcf7-validates-as-email form-control\" aria-required=\"true\" aria-invalid=\"false\" placeholder=\"E-Mail-Adresse\" value=\"\" type=\"email\" name=\"your-email\" \/><\/span>\n\t\t\t<\/p>\n\t\t<\/div>\n\t\t<div class=\"form-group\">\n\t\t\t<p><span class=\"wpcf7-form-control-wrap\" data-name=\"your-phone\"><input size=\"40\" maxlength=\"400\" class=\"wpcf7-form-control wpcf7-tel wpcf7-text wpcf7-validates-as-tel form-control\" aria-invalid=\"false\" placeholder=\"Telefonnummer (freiwillig)\" value=\"\" type=\"tel\" name=\"your-phone\" \/><\/span>\n\t\t\t<\/p>\n\t\t<\/div>\n\t<\/div>\n\t<div class=\"col-md-7\">\n\t\t<div class=\"form-group\">\n\t\t\t<p><span class=\"wpcf7-form-control-wrap\" data-name=\"your-message\"><textarea cols=\"40\" rows=\"10\" maxlength=\"2000\" class=\"wpcf7-form-control wpcf7-textarea form-control\" aria-invalid=\"false\" placeholder=\"Deine Nachricht\" name=\"your-message\"><\/textarea><\/span>\n\t\t\t<\/p>\n\t\t<\/div>\n\t\t<div class=\"form-group\">\n\t\t\t<p><input class=\"wpcf7-form-control wpcf7-submit has-spinner btn btn-primary\" type=\"submit\" value=\"Abschicken\" \/>\n\t\t\t<\/p>\n\t\t<\/div>\n\t<\/div>\n<\/div><p style=\"display: none !important;\" class=\"akismet-fields-container\" data-prefix=\"_wpcf7_ak_\"><label>&#916;<textarea name=\"_wpcf7_ak_hp_textarea\" cols=\"45\" rows=\"8\" maxlength=\"100\"><\/textarea><\/label><input type=\"hidden\" id=\"ak_js_1\" name=\"_wpcf7_ak_js\" value=\"248\"\/><script>document.getElementById( \"ak_js_1\" ).setAttribute( \"value\", ( new Date() ).getTime() );<\/script><\/p><div class=\"wpcf7-response-output\" aria-hidden=\"true\"><\/div>\n<\/form>\n<\/div>\n<\/div>\n","protected":false},"excerpt":{"rendered":"<p>Seit ein paar Jahren gibt es eine lesbisch-schwule offene Theatergruppe. Sie entstand aus dem AK Lesbentr\u00e4ume, der bereits lesbische St\u00fccke auf die B\u00fchne brachte, und theaterspielfreudigen Leuten des WuF-Zentrums. Erstes gemeinsames Projekt war \u201eDie wahre Weihnachtsgeschichte\u201c, die 2009 und wegen des gro\u00dfen Interesses im darauf folgenden Jahr noch einmal aufgef\u00fchrt wurde. Seit dem gibt es am letzten Wochenende im November einen Doppelspieltermin. Bei unserer Weihnachtsfeier 2014 stimmten wir \u00fcber einen Gruppennamen ab und entschieden uns f\u00fcr \u201eQueer Company W\u00fcrzburg\u201c. Wegen der bevorstehenden Adventszeit und auf Wunsch vieler Zuschauer*innen wird h\u00e4ufig Weihnachten thematisiert. Aber immer ist es selbstgeschrieben, gesellschaftskritisch und was zum Lachen. Hast du Lust mitzuspielen? Bei Interesse schreibe uns \u00fcber unser Kontaktformular. Was wir bisher gespielt haben: 2009: Die wahre Weihnachtsgeschichte 2010: Die wahre Weihnachtsgeschichte 2011: Im Schatten des Turms 2012: Oh Tannenbaum \u2013 oh Tannenbaum 2013: Ein Weihnachtsm\u00e4rchen 2014: Neues aus Duddnbrunn 2015: Weihnachtsalbtraum 2016: Dornr\u00f6schen 2.0 2017: Die fr\u00e4nggische Roggy Horror Bigscher Sho 2018: In vino veritas 2020: Fr\u00f6hliche Familienbande oder (St)Erben will gelernt sein Ansprechpartnerin:<\/p>\n","protected":false},"author":2,"featured_media":0,"parent":0,"menu_order":0,"comment_status":"closed","ping_status":"closed","template":"","meta":{"footnotes":""},"class_list":["post-1260","page","type-page","status-publish","hentry"],"_links":{"self":[{"href":"https:\/\/www.wufzentrum.de\/index.php\/wp-json\/wp\/v2\/pages\/1260","targetHints":{"allow":["GET"]}}],"collection":[{"href":"https:\/\/www.wufzentrum.de\/index.php\/wp-json\/wp\/v2\/pages"}],"about":[{"href":"https:\/\/www.wufzentrum.de\/index.php\/wp-json\/wp\/v2\/types\/page"}],"author":[{"embeddable":true,"href":"https:\/\/www.wufzentrum.de\/index.php\/wp-json\/wp\/v2\/users\/2"}],"replies":[{"embeddable":true,"href":"https:\/\/www.wufzentrum.de\/index.php\/wp-json\/wp\/v2\/comments?post=1260"}],"version-history":[{"count":12,"href":"https:\/\/www.wufzentrum.de\/index.php\/wp-json\/wp\/v2\/pages\/1260\/revisions"}],"predecessor-version":[{"id":3209,"href":"https:\/\/www.wufzentrum.de\/index.php\/wp-json\/wp\/v2\/pages\/1260\/revisions\/3209"}],"wp:attachment":[{"href":"https:\/\/www.wufzentrum.de\/index.php\/wp-json\/wp\/v2\/media?parent=1260"}],"curies":[{"name":"wp","href":"https:\/\/api.w.org\/{rel}","templated":true}]}}