{"id":1242,"date":"2018-07-28T10:43:45","date_gmt":"2018-07-28T08:43:45","guid":{"rendered":"https:\/\/www.wufzentrum.de\/?page_id=1242"},"modified":"2021-11-10T20:44:31","modified_gmt":"2021-11-10T19:44:31","slug":"spieleabend","status":"publish","type":"page","link":"https:\/\/www.wufzentrum.de\/index.php\/spieleabend\/","title":{"rendered":"Spieleabend"},"content":{"rendered":"<p>Jeden 2. Freitag und jeden 4. Dienstag im Monat rollen die W\u00fcrfel und zahlreiche Spielfiguren werden \u00fcbers Spielfeld geschoben, bis einer aufschreit und Bingo ruft, nachdem er im Gef\u00e4ngnis war und keine 4000 \u20ac einziehen durfte.<\/p>\n<p>Wenn auch du Spiele in geselliger Runde spielst und nicht nur Gl\u00fcck, sondern auch K\u00f6nnen zu deinen St\u00e4rken z\u00e4hlen kannst, dann ist der Spieleabend genau das richtige. Spiele d\u00fcrfen auf \u201eRisiko\u201c gerne mitgebracht werden, um die Abwechslung zu erh\u00f6hen. Auf in den Kampf! Mau Mau!<\/p>\n<p><strong>Ansprechpartner:<\/strong><\/p>\n<div class=\"col-md-4 \" data-appear-animation=\"bounceInRight\"><img loading=\"lazy\" decoding=\"async\" width=\"300\" height=\"300\" class=\"alignnone size-medium wp-image-1484\" src=\"https:\/\/www.wufzentrum.de\/wp-content\/uploads\/2020\/05\/Bjoern-300x300.jpg\" alt=\"\" srcset=\"https:\/\/www.wufzentrum.de\/wp-content\/uploads\/2020\/05\/Bjoern.jpg 300w, https:\/\/www.wufzentrum.de\/wp-content\/uploads\/2020\/05\/Bjoern-100x100.jpg 100w, https:\/\/www.wufzentrum.de\/wp-content\/uploads\/2020\/05\/Bjoern-150x150.jpg 150w, https:\/\/www.wufzentrum.de\/wp-content\/uploads\/2020\/05\/Bjoern-70x70.jpg 70w\"  sizes=\"(max-width: 300px) 100vw, 300px\" \/><\/div><div class=\"col-md-8 \" data-appear-animation=\"bounceInRight\">Bj\u00f6rn<\/p>\n<p>Kontakt:<\/p>\n<div class=\"wpcf7 no-js\" id=\"wpcf7-f1469-o1\" lang=\"de-DE\" dir=\"ltr\" data-wpcf7-id=\"1469\">\n<div class=\"screen-reader-response\"><p role=\"status\" aria-live=\"polite\" aria-atomic=\"true\"><\/p> <ul><\/ul><\/div>\n<form action=\"\/index.php\/wp-json\/wp\/v2\/pages\/1242#wpcf7-f1469-o1\" method=\"post\" class=\"wpcf7-form init\" aria-label=\"Kontaktformular\" novalidate=\"novalidate\" data-status=\"init\">\n<div style=\"display: none;\">\n<input type=\"hidden\" name=\"_wpcf7\" value=\"1469\" \/>\n<input type=\"hidden\" name=\"_wpcf7_version\" value=\"6.0.3\" \/>\n<input type=\"hidden\" name=\"_wpcf7_locale\" value=\"de_DE\" \/>\n<input type=\"hidden\" name=\"_wpcf7_unit_tag\" value=\"wpcf7-f1469-o1\" \/>\n<input type=\"hidden\" name=\"_wpcf7_container_post\" value=\"0\" \/>\n<input type=\"hidden\" name=\"_wpcf7_posted_data_hash\" value=\"\" \/>\n<input type=\"hidden\" name=\"_wpcf7_recaptcha_response\" value=\"\" \/>\n<\/div>\n<div class=\"row\">\n\t<div class=\"col-md-5\">\n\t\t<div class=\"form-group\">\n\t\t\t<p><span class=\"wpcf7-form-control-wrap\" data-name=\"your-name\"><input size=\"40\" maxlength=\"400\" class=\"wpcf7-form-control wpcf7-text wpcf7-validates-as-required form-control\" aria-required=\"true\" aria-invalid=\"false\" placeholder=\"Name\" value=\"\" type=\"text\" name=\"your-name\" \/><\/span>\n\t\t\t<\/p>\n\t\t<\/div>\n\t\t<div class=\"form-group\">\n\t\t\t<p><span class=\"wpcf7-form-control-wrap\" data-name=\"your-email\"><input size=\"40\" maxlength=\"400\" class=\"wpcf7-form-control wpcf7-email wpcf7-validates-as-required wpcf7-text wpcf7-validates-as-email form-control\" aria-required=\"true\" aria-invalid=\"false\" placeholder=\"E-Mail-Adresse\" value=\"\" type=\"email\" name=\"your-email\" \/><\/span>\n\t\t\t<\/p>\n\t\t<\/div>\n\t\t<div class=\"form-group\">\n\t\t\t<p><span class=\"wpcf7-form-control-wrap\" data-name=\"your-phone\"><input size=\"40\" maxlength=\"400\" class=\"wpcf7-form-control wpcf7-tel wpcf7-text wpcf7-validates-as-tel form-control\" aria-invalid=\"false\" placeholder=\"Telefonnummer (freiwillig)\" value=\"\" type=\"tel\" name=\"your-phone\" \/><\/span>\n\t\t\t<\/p>\n\t\t<\/div>\n\t<\/div>\n\t<div class=\"col-md-7\">\n\t\t<div class=\"form-group\">\n\t\t\t<p><span class=\"wpcf7-form-control-wrap\" data-name=\"your-message\"><textarea cols=\"40\" rows=\"10\" maxlength=\"2000\" class=\"wpcf7-form-control wpcf7-textarea form-control\" aria-invalid=\"false\" placeholder=\"Deine Nachricht\" name=\"your-message\"><\/textarea><\/span>\n\t\t\t<\/p>\n\t\t<\/div>\n\t\t<div class=\"form-group\">\n\t\t\t<p><input class=\"wpcf7-form-control wpcf7-submit has-spinner btn btn-primary\" type=\"submit\" value=\"Abschicken\" \/>\n\t\t\t<\/p>\n\t\t<\/div>\n\t<\/div>\n<\/div><p style=\"display: none !important;\" class=\"akismet-fields-container\" data-prefix=\"_wpcf7_ak_\"><label>&#916;<textarea name=\"_wpcf7_ak_hp_textarea\" cols=\"45\" rows=\"8\" maxlength=\"100\"><\/textarea><\/label><input type=\"hidden\" id=\"ak_js_1\" name=\"_wpcf7_ak_js\" value=\"30\"\/><script>document.getElementById( \"ak_js_1\" ).setAttribute( \"value\", ( new Date() ).getTime() );<\/script><\/p><div class=\"wpcf7-response-output\" aria-hidden=\"true\"><\/div>\n<\/form>\n<\/div>\n<\/div>\n<div class=\"spacer-20 \"> <\/div>\n<div class=\"col-md-4 \" data-appear-animation=\"bounceInRight\"><img loading=\"lazy\" decoding=\"async\" width=\"300\" height=\"300\" class=\"alignnone size-medium wp-image-1445\" src=\"https:\/\/www.wufzentrum.de\/wp-content\/uploads\/2020\/05\/Heiko-300x300.jpg\" alt=\"Foto Heiko\" srcset=\"https:\/\/www.wufzentrum.de\/wp-content\/uploads\/2020\/05\/Heiko.jpg 300w, https:\/\/www.wufzentrum.de\/wp-content\/uploads\/2020\/05\/Heiko-100x100.jpg 100w, https:\/\/www.wufzentrum.de\/wp-content\/uploads\/2020\/05\/Heiko-150x150.jpg 150w, https:\/\/www.wufzentrum.de\/wp-content\/uploads\/2020\/05\/Heiko-70x70.jpg 70w\"  sizes=\"(max-width: 300px) 100vw, 300px\" \/><\/div><div class=\"col-md-8 \" data-appear-animation=\"bounceInRight\">Heiko<\/p>\n<p>Kontakt:<\/p>\n<div class=\"wpcf7 no-js\" id=\"wpcf7-f1462-o2\" lang=\"de-DE\" dir=\"ltr\" data-wpcf7-id=\"1462\">\n<div class=\"screen-reader-response\"><p role=\"status\" aria-live=\"polite\" aria-atomic=\"true\"><\/p> <ul><\/ul><\/div>\n<form action=\"\/index.php\/wp-json\/wp\/v2\/pages\/1242#wpcf7-f1462-o2\" method=\"post\" class=\"wpcf7-form init\" aria-label=\"Kontaktformular\" novalidate=\"novalidate\" data-status=\"init\">\n<div style=\"display: none;\">\n<input type=\"hidden\" name=\"_wpcf7\" value=\"1462\" \/>\n<input type=\"hidden\" name=\"_wpcf7_version\" value=\"6.0.3\" \/>\n<input type=\"hidden\" name=\"_wpcf7_locale\" value=\"de_DE\" \/>\n<input type=\"hidden\" name=\"_wpcf7_unit_tag\" value=\"wpcf7-f1462-o2\" \/>\n<input type=\"hidden\" name=\"_wpcf7_container_post\" value=\"0\" \/>\n<input type=\"hidden\" name=\"_wpcf7_posted_data_hash\" value=\"\" \/>\n<input type=\"hidden\" name=\"_wpcf7_recaptcha_response\" value=\"\" \/>\n<\/div>\n<div class=\"row\">\n\t<div class=\"col-md-5\">\n\t\t<div class=\"form-group\">\n\t\t\t<p><span class=\"wpcf7-form-control-wrap\" data-name=\"your-name\"><input size=\"40\" maxlength=\"400\" class=\"wpcf7-form-control wpcf7-text wpcf7-validates-as-required form-control\" aria-required=\"true\" aria-invalid=\"false\" placeholder=\"Name\" value=\"\" type=\"text\" name=\"your-name\" \/><\/span>\n\t\t\t<\/p>\n\t\t<\/div>\n\t\t<div class=\"form-group\">\n\t\t\t<p><span class=\"wpcf7-form-control-wrap\" data-name=\"your-email\"><input size=\"40\" maxlength=\"400\" class=\"wpcf7-form-control wpcf7-email wpcf7-validates-as-required wpcf7-text wpcf7-validates-as-email form-control\" aria-required=\"true\" aria-invalid=\"false\" placeholder=\"E-Mail-Adresse\" value=\"\" type=\"email\" name=\"your-email\" \/><\/span>\n\t\t\t<\/p>\n\t\t<\/div>\n\t\t<div class=\"form-group\">\n\t\t\t<p><span class=\"wpcf7-form-control-wrap\" data-name=\"your-phone\"><input size=\"40\" maxlength=\"400\" class=\"wpcf7-form-control wpcf7-tel wpcf7-text wpcf7-validates-as-tel form-control\" aria-invalid=\"false\" placeholder=\"Telefonnummer (freiwillig)\" value=\"\" type=\"tel\" name=\"your-phone\" \/><\/span>\n\t\t\t<\/p>\n\t\t<\/div>\n\t<\/div>\n\t<div class=\"col-md-7\">\n\t\t<div class=\"form-group\">\n\t\t\t<p><span class=\"wpcf7-form-control-wrap\" data-name=\"your-message\"><textarea cols=\"40\" rows=\"10\" maxlength=\"2000\" class=\"wpcf7-form-control wpcf7-textarea form-control\" aria-invalid=\"false\" placeholder=\"Deine Nachricht\" name=\"your-message\"><\/textarea><\/span>\n\t\t\t<\/p>\n\t\t<\/div>\n\t\t<div class=\"form-group\">\n\t\t\t<p><input class=\"wpcf7-form-control wpcf7-submit has-spinner btn btn-primary\" type=\"submit\" value=\"Abschicken\" \/>\n\t\t\t<\/p>\n\t\t<\/div>\n\t<\/div>\n<\/div><p style=\"display: none !important;\" class=\"akismet-fields-container\" data-prefix=\"_wpcf7_ak_\"><label>&#916;<textarea name=\"_wpcf7_ak_hp_textarea\" cols=\"45\" rows=\"8\" maxlength=\"100\"><\/textarea><\/label><input type=\"hidden\" id=\"ak_js_2\" name=\"_wpcf7_ak_js\" value=\"198\"\/><script>document.getElementById( \"ak_js_2\" ).setAttribute( \"value\", ( new Date() ).getTime() );<\/script><\/p><div class=\"wpcf7-response-output\" aria-hidden=\"true\"><\/div>\n<\/form>\n<\/div>\n<\/div>\n","protected":false},"excerpt":{"rendered":"<p>Jeden 2. Freitag und jeden 4. Dienstag im Monat rollen die W\u00fcrfel und zahlreiche Spielfiguren werden \u00fcbers Spielfeld geschoben, bis einer aufschreit und Bingo ruft, nachdem er im Gef\u00e4ngnis war und keine 4000 \u20ac einziehen durfte. Wenn auch du Spiele in geselliger Runde spielst und nicht nur Gl\u00fcck, sondern auch K\u00f6nnen zu deinen St\u00e4rken z\u00e4hlen kannst, dann ist der Spieleabend genau das richtige. Spiele d\u00fcrfen auf \u201eRisiko\u201c gerne mitgebracht werden, um die Abwechslung zu erh\u00f6hen. Auf in den Kampf! Mau Mau! Ansprechpartner:<\/p>\n","protected":false},"author":2,"featured_media":0,"parent":0,"menu_order":0,"comment_status":"closed","ping_status":"closed","template":"","meta":{"footnotes":""},"class_list":["post-1242","page","type-page","status-publish","hentry"],"_links":{"self":[{"href":"https:\/\/www.wufzentrum.de\/index.php\/wp-json\/wp\/v2\/pages\/1242","targetHints":{"allow":["GET"]}}],"collection":[{"href":"https:\/\/www.wufzentrum.de\/index.php\/wp-json\/wp\/v2\/pages"}],"about":[{"href":"https:\/\/www.wufzentrum.de\/index.php\/wp-json\/wp\/v2\/types\/page"}],"author":[{"embeddable":true,"href":"https:\/\/www.wufzentrum.de\/index.php\/wp-json\/wp\/v2\/users\/2"}],"replies":[{"embeddable":true,"href":"https:\/\/www.wufzentrum.de\/index.php\/wp-json\/wp\/v2\/comments?post=1242"}],"version-history":[{"count":7,"href":"https:\/\/www.wufzentrum.de\/index.php\/wp-json\/wp\/v2\/pages\/1242\/revisions"}],"predecessor-version":[{"id":2781,"href":"https:\/\/www.wufzentrum.de\/index.php\/wp-json\/wp\/v2\/pages\/1242\/revisions\/2781"}],"wp:attachment":[{"href":"https:\/\/www.wufzentrum.de\/index.php\/wp-json\/wp\/v2\/media?parent=1242"}],"curies":[{"name":"wp","href":"https:\/\/api.w.org\/{rel}","templated":true}]}}