{"id":1236,"date":"2018-07-28T10:38:00","date_gmt":"2018-07-28T08:38:00","guid":{"rendered":"https:\/\/www.wufzentrum.de\/?page_id=1236"},"modified":"2024-11-28T23:29:58","modified_gmt":"2024-11-28T22:29:58","slug":"popular-gaydisco","status":"publish","type":"page","link":"https:\/\/www.wufzentrum.de\/index.php\/popular-gaydisco\/","title":{"rendered":"Popular &#8211; Party f\u00fcr Queers&#038;Friends"},"content":{"rendered":"<p>Bereits seit Juli 1991 wird die GayDisco in W\u00fcrzburg veranstaltet. Sie zieht Monat f\u00fcr Monat Besucher aus Unterfranken und den angrenzenden Regionen an.<\/p>\n<p>Die Einnahmen helfen dem WuF-Zentrum, seinen laufenden Betrieb zu finanzieren. Durch die Eintritte der Popular hat man nicht nur Partyspa\u00df, sondern unterst\u00fctzt damit die autonome queere Arbeit.<\/p>\n<p>2017 wurde die GayDisco in Popular GayDisco umbenannt und tourt immer am 1. Samstag im Monat durch verschiedene W\u00fcrzburger Locations angef\u00fchrt vom Chambinzky (Valentin-Becker-Str.)!<\/p>\n<p>Ab 2024 f\u00e4llt der Zusatz &#8222;GayDisco&#8220; weg und wird durch &#8222;Party f\u00fcr Queers &amp; Friends&#8220; ersetzt, was die aktuelle Community besser anspricht. Die Party findet auch nicht mehr monatlich statt, sondern einmal im Quartal.<\/p>\n<p><img loading=\"lazy\" decoding=\"async\" \"=\"\" width=\"380\" height=\"380\" class=\"aligncenter\" src=\"https:\/\/www.wufzentrum.de\/wp-content\/uploads\/2020\/06\/Popular-Post-02.jpg\"><br \/>\nWo die Party genau stattfindet, erf\u00e4hrst du immer \u00fcber unsere Social-Media-Kan\u00e4le (Facebook und Instagram), sowie hier auf der Homepage und im aktuellen wufmag:<\/p>\n<h3>07.12.2024 <a href=\"https:\/\/z87.de\/\"> Keller Z87 <\/a> 21:00 Uhr<\/h3>\n<p><a href=\"https:\/\/z87.de\/\"><img loading=\"lazy\" decoding=\"async\" src=\"https:\/\/www.wufzentrum.de\/wp-content\/uploads\/2024\/10\/BGOS4284-scaled.jpg\" alt=\"\" width=\"380\" height=\"380\"><\/a><\/p>\n<p><a href=\"https:\/\/z87.de\/\"><strong>Ansprechpartner:<\/strong><\/p>\n<div class=\"col-md-4 \" data-appear-animation=\"bounceInRight\"><img loading=\"lazy\" decoding=\"async\" width=\"300\" height=\"300\" class=\"alignnone size-medium wp-image-1458\" src=\"https:\/\/www.wufzentrum.de\/wp-content\/uploads\/2020\/05\/David-300x300.jpg\" alt=\"Foto David\" srcset=\"https:\/\/www.wufzentrum.de\/wp-content\/uploads\/2020\/05\/David.jpg 300w, https:\/\/www.wufzentrum.de\/wp-content\/uploads\/2020\/05\/David-100x100.jpg 100w, https:\/\/www.wufzentrum.de\/wp-content\/uploads\/2020\/05\/David-150x150.jpg 150w, https:\/\/www.wufzentrum.de\/wp-content\/uploads\/2020\/05\/David-70x70.jpg 70w\"  sizes=\"(max-width: 300px) 100vw, 300px\" \/><\/div><div class=\"col-md-8 \" data-appear-animation=\"bounceInRight\">David<\/p>\n<p>Kontakt:<\/p>\n<div class=\"wpcf7 no-js\" id=\"wpcf7-f1467-o1\" lang=\"de-DE\" dir=\"ltr\" data-wpcf7-id=\"1467\">\n<div class=\"screen-reader-response\"><p role=\"status\" aria-live=\"polite\" aria-atomic=\"true\"><\/p> <ul><\/ul><\/div>\n<form action=\"\/index.php\/wp-json\/wp\/v2\/pages\/1236#wpcf7-f1467-o1\" method=\"post\" class=\"wpcf7-form init\" aria-label=\"Kontaktformular\" novalidate=\"novalidate\" data-status=\"init\">\n<div style=\"display: none;\">\n<input type=\"hidden\" name=\"_wpcf7\" value=\"1467\" \/>\n<input type=\"hidden\" name=\"_wpcf7_version\" value=\"6.0.3\" \/>\n<input type=\"hidden\" name=\"_wpcf7_locale\" value=\"de_DE\" \/>\n<input type=\"hidden\" name=\"_wpcf7_unit_tag\" value=\"wpcf7-f1467-o1\" \/>\n<input type=\"hidden\" name=\"_wpcf7_container_post\" value=\"0\" \/>\n<input type=\"hidden\" name=\"_wpcf7_posted_data_hash\" value=\"\" \/>\n<input type=\"hidden\" name=\"_wpcf7_recaptcha_response\" value=\"\" \/>\n<\/div>\n<div class=\"row\">\n\t<div class=\"col-md-5\">\n\t\t<div class=\"form-group\">\n\t\t\t<p><span class=\"wpcf7-form-control-wrap\" data-name=\"your-name\"><input size=\"40\" maxlength=\"400\" class=\"wpcf7-form-control wpcf7-text wpcf7-validates-as-required form-control\" aria-required=\"true\" aria-invalid=\"false\" placeholder=\"Name\" value=\"\" type=\"text\" name=\"your-name\" \/><\/span>\n\t\t\t<\/p>\n\t\t<\/div>\n\t\t<div class=\"form-group\">\n\t\t\t<p><span class=\"wpcf7-form-control-wrap\" data-name=\"your-email\"><input size=\"40\" maxlength=\"400\" class=\"wpcf7-form-control wpcf7-email wpcf7-validates-as-required wpcf7-text wpcf7-validates-as-email form-control\" aria-required=\"true\" aria-invalid=\"false\" placeholder=\"E-Mail-Adresse\" value=\"\" type=\"email\" name=\"your-email\" \/><\/span>\n\t\t\t<\/p>\n\t\t<\/div>\n\t\t<div class=\"form-group\">\n\t\t\t<p><span class=\"wpcf7-form-control-wrap\" data-name=\"your-phone\"><input size=\"40\" maxlength=\"400\" class=\"wpcf7-form-control wpcf7-tel wpcf7-text wpcf7-validates-as-tel form-control\" aria-invalid=\"false\" placeholder=\"Telefonnummer (freiwillig)\" value=\"\" type=\"tel\" name=\"your-phone\" \/><\/span>\n\t\t\t<\/p>\n\t\t<\/div>\n\t<\/div>\n\t<div class=\"col-md-7\">\n\t\t<div class=\"form-group\">\n\t\t\t<p><span class=\"wpcf7-form-control-wrap\" data-name=\"your-message\"><textarea cols=\"40\" rows=\"10\" maxlength=\"2000\" class=\"wpcf7-form-control wpcf7-textarea form-control\" aria-invalid=\"false\" placeholder=\"Deine Nachricht\" name=\"your-message\"><\/textarea><\/span>\n\t\t\t<\/p>\n\t\t<\/div>\n\t\t<div class=\"form-group\">\n\t\t\t<p><input class=\"wpcf7-form-control wpcf7-submit has-spinner btn btn-primary\" type=\"submit\" value=\"Abschicken\" \/>\n\t\t\t<\/p>\n\t\t<\/div>\n\t<\/div>\n<\/div><p style=\"display: none !important;\" class=\"akismet-fields-container\" data-prefix=\"_wpcf7_ak_\"><label>&#916;<textarea name=\"_wpcf7_ak_hp_textarea\" cols=\"45\" rows=\"8\" maxlength=\"100\"><\/textarea><\/label><input type=\"hidden\" id=\"ak_js_1\" name=\"_wpcf7_ak_js\" value=\"182\"\/><script>document.getElementById( \"ak_js_1\" ).setAttribute( \"value\", ( new Date() ).getTime() );<\/script><\/p><div class=\"wpcf7-response-output\" aria-hidden=\"true\"><\/div>\n<\/form>\n<\/div>\n<\/div>\n<p><\/a><a href=\"https:\/\/z87.de\/\"><\/a><\/p>\n","protected":false},"excerpt":{"rendered":"<p>Bereits seit Juli 1991 wird die GayDisco in W\u00fcrzburg veranstaltet. Sie zieht Monat f\u00fcr Monat Besucher aus Unterfranken und den angrenzenden Regionen an. Die Einnahmen helfen dem WuF-Zentrum, seinen laufenden Betrieb zu finanzieren. Durch die Eintritte der Popular hat man nicht nur Partyspa\u00df, sondern unterst\u00fctzt damit die autonome queere Arbeit. 2017 wurde die GayDisco in Popular GayDisco umbenannt und tourt immer am 1. Samstag im Monat durch verschiedene W\u00fcrzburger Locations angef\u00fchrt vom Chambinzky (Valentin-Becker-Str.)! Ab 2024 f\u00e4llt der Zusatz &#8222;GayDisco&#8220; weg und wird durch &#8222;Party f\u00fcr Queers &amp; Friends&#8220; ersetzt, was die aktuelle Community besser anspricht. Die Party findet auch nicht mehr monatlich statt, sondern einmal im Quartal.<\/p>\n","protected":false},"author":2,"featured_media":0,"parent":0,"menu_order":0,"comment_status":"closed","ping_status":"closed","template":"","meta":{"footnotes":""},"class_list":["post-1236","page","type-page","status-publish","hentry"],"_links":{"self":[{"href":"https:\/\/www.wufzentrum.de\/index.php\/wp-json\/wp\/v2\/pages\/1236","targetHints":{"allow":["GET"]}}],"collection":[{"href":"https:\/\/www.wufzentrum.de\/index.php\/wp-json\/wp\/v2\/pages"}],"about":[{"href":"https:\/\/www.wufzentrum.de\/index.php\/wp-json\/wp\/v2\/types\/page"}],"author":[{"embeddable":true,"href":"https:\/\/www.wufzentrum.de\/index.php\/wp-json\/wp\/v2\/users\/2"}],"replies":[{"embeddable":true,"href":"https:\/\/www.wufzentrum.de\/index.php\/wp-json\/wp\/v2\/comments?post=1236"}],"version-history":[{"count":32,"href":"https:\/\/www.wufzentrum.de\/index.php\/wp-json\/wp\/v2\/pages\/1236\/revisions"}],"predecessor-version":[{"id":6643,"href":"https:\/\/www.wufzentrum.de\/index.php\/wp-json\/wp\/v2\/pages\/1236\/revisions\/6643"}],"wp:attachment":[{"href":"https:\/\/www.wufzentrum.de\/index.php\/wp-json\/wp\/v2\/media?parent=1236"}],"curies":[{"name":"wp","href":"https:\/\/api.w.org\/{rel}","templated":true}]}}