{"id":1228,"date":"2018-07-27T17:49:00","date_gmt":"2018-07-27T15:49:00","guid":{"rendered":"https:\/\/www.wufzentrum.de\/?page_id=1228"},"modified":"2023-03-23T14:45:35","modified_gmt":"2023-03-23T13:45:35","slug":"selbst-mitmachen","status":"publish","type":"page","link":"https:\/\/www.wufzentrum.de\/index.php\/selbst-mitmachen\/","title":{"rendered":"Selbst mitmachen"},"content":{"rendered":"<h3>Hereinspaziert und mitgemacht!<\/h3>\n<p>Ein Verein existiert nur durch ehrenamtliches Engagement. Aber was macht es interessant, ehrenamtlich engagiert zu sein?<\/p>\n<p>\u201eIm WuF-Zentrum mitzuarbeiten hei\u00dft f\u00fcr mich, aufgenommen und angenommen zu sein. Ich habe das Gef\u00fchl, etwas zu bewegen!\u201c<\/p>\n<p>Du willst in der queeren Community auch etwas bewegen? Du willst deine Ideen in unser Vereinsleben mit einflie\u00dfen lassen? Dir fehlt im WuF-Zentrum irgendetwas?<\/p>\n<p>Dann komm und arbeite mit!<\/p>\n<p>Von Thekendiensten bei regul\u00e4ren Veranstaltungen bis zur Einf\u00fchrung von neuen Veranstaltungen ist alles m\u00f6glich. Das WuF braucht Unterst\u00fctzer*innen und Ideen, also los, trau dich!<\/p>\n<p>&#8212;&#8212;&#8212;&#8212;&#8212;&#8212;&#8212;&#8212;&#8212;&#8212;&#8212;-<\/p>\n<h4>Hier kannst du Mitglied werden:<\/h4>\n<p><a href=\"https:\/\/www.wufzentrum.de\/wp-content\/uploads\/2023\/03\/Mitgliedsantrag_digitale_Unterschrift.pdf\">Mitgliedsantrag WuF-Zentrum e.V. W\u00fcrzburg<\/a><\/p>\n","protected":false},"excerpt":{"rendered":"<p>Hereinspaziert und mitgemacht! Ein Verein existiert nur durch ehrenamtliches Engagement. Aber was macht es interessant, ehrenamtlich engagiert zu sein? \u201eIm WuF-Zentrum mitzuarbeiten hei\u00dft f\u00fcr mich, aufgenommen und angenommen zu sein. Ich habe das Gef\u00fchl, etwas zu bewegen!\u201c Du willst in der queeren Community auch etwas bewegen? Du willst deine Ideen in unser Vereinsleben mit einflie\u00dfen lassen? Dir fehlt im WuF-Zentrum irgendetwas? Dann komm und arbeite mit! Von Thekendiensten bei regul\u00e4ren Veranstaltungen bis zur Einf\u00fchrung von neuen Veranstaltungen ist alles m\u00f6glich. Das WuF braucht Unterst\u00fctzer*innen und Ideen, also los, trau dich! &#8212;&#8212;&#8212;&#8212;&#8212;&#8212;&#8212;&#8212;&#8212;&#8212;&#8212;- Hier kannst du Mitglied werden: Mitgliedsantrag WuF-Zentrum e.V. W\u00fcrzburg<\/p>\n","protected":false},"author":2,"featured_media":0,"parent":0,"menu_order":0,"comment_status":"closed","ping_status":"closed","template":"","meta":{"footnotes":""},"class_list":["post-1228","page","type-page","status-publish","hentry"],"_links":{"self":[{"href":"https:\/\/www.wufzentrum.de\/index.php\/wp-json\/wp\/v2\/pages\/1228","targetHints":{"allow":["GET"]}}],"collection":[{"href":"https:\/\/www.wufzentrum.de\/index.php\/wp-json\/wp\/v2\/pages"}],"about":[{"href":"https:\/\/www.wufzentrum.de\/index.php\/wp-json\/wp\/v2\/types\/page"}],"author":[{"embeddable":true,"href":"https:\/\/www.wufzentrum.de\/index.php\/wp-json\/wp\/v2\/users\/2"}],"replies":[{"embeddable":true,"href":"https:\/\/www.wufzentrum.de\/index.php\/wp-json\/wp\/v2\/comments?post=1228"}],"version-history":[{"count":11,"href":"https:\/\/www.wufzentrum.de\/index.php\/wp-json\/wp\/v2\/pages\/1228\/revisions"}],"predecessor-version":[{"id":4811,"href":"https:\/\/www.wufzentrum.de\/index.php\/wp-json\/wp\/v2\/pages\/1228\/revisions\/4811"}],"wp:attachment":[{"href":"https:\/\/www.wufzentrum.de\/index.php\/wp-json\/wp\/v2\/media?parent=1228"}],"curies":[{"name":"wp","href":"https:\/\/api.w.org\/{rel}","templated":true}]}}