{"id":1217,"date":"2018-07-27T17:35:52","date_gmt":"2018-07-27T15:35:52","guid":{"rendered":"https:\/\/www.wufzentrum.de\/?page_id=1217"},"modified":"2022-02-17T23:00:51","modified_gmt":"2022-02-17T22:00:51","slug":"wer-sind-wir","status":"publish","type":"page","link":"https:\/\/www.wufzentrum.de\/index.php\/wer-sind-wir\/","title":{"rendered":"Wer sind wir?"},"content":{"rendered":"<h1>WuF e. V. &#8211; Verein und queeres Zentrum<\/h1>\n<p>Wir bieten unter einem Dach Treffpunkt, Beratung, Kultur, Unterhaltung und Spa\u00df f\u00fcr die <strong>LGBTQIA+-Community<\/strong>.<\/p>\n<p>In unserem Haus gibt es ein breites Angebot an Veranstaltungen, f\u00fcr jung bis nicht mehr ganz jung, f\u00fcr Lesben, Schwule, Trans- und Bisexuelle, f\u00fcr Freunde, f\u00fcr Menschen, die sich f\u00fcr die Themen Homo-, Bi- und Transsexualit\u00e4t interessieren, eben f\u00fcr alle. So bieten wir u. a. einen Spieleabend, Kaffeeklatsch und einen Offenen Abend an.<\/p>\n<p>Ein extra Angebot gibt es f\u00fcr Jugendliche: zwei Mal im Monat trifft sich D\u00e9j\u00e0W\u00fc im WuF-Zentrum.<\/p>\n<p>Immer am Mittwochabend bietet das Team der Rosa Hilfe Telefon- und Internetberatung an.<\/p>\n<p>Keinen festen Termin hat das Angebot von \u201eQueere Weiber\u201c f\u00fcr die Lesben in W\u00fcrzburg und Umgebung.<\/p>\n<p>Schau doch einfach mal in unseren Kalender!<\/p>\n<h3><a href=\"https:\/\/www.wufzentrum.de\/wp-content\/uploads\/2020\/11\/Satzung-Beschlu\u00df-auf-MV-vom-25.10.2009.pdf\"> Die aktuelle Satzung<\/a><\/h3>\n<p>findest du <a href=\"https:\/\/www.wufzentrum.de\/wp-content\/uploads\/2020\/11\/Satzung-Beschlu\u00df-auf-MV-vom-25.10.2009.pdf\"> HIER<\/a><\/p>\n","protected":false},"excerpt":{"rendered":"<p>WuF e. V. &#8211; Verein und queeres Zentrum Wir bieten unter einem Dach Treffpunkt, Beratung, Kultur, Unterhaltung und Spa\u00df f\u00fcr die LGBTQIA+-Community. In unserem Haus gibt es ein breites Angebot an Veranstaltungen, f\u00fcr jung bis nicht mehr ganz jung, f\u00fcr Lesben, Schwule, Trans- und Bisexuelle, f\u00fcr Freunde, f\u00fcr Menschen, die sich f\u00fcr die Themen Homo-, Bi- und Transsexualit\u00e4t interessieren, eben f\u00fcr alle. So bieten wir u. a. einen Spieleabend, Kaffeeklatsch und einen Offenen Abend an. Ein extra Angebot gibt es f\u00fcr Jugendliche: zwei Mal im Monat trifft sich D\u00e9j\u00e0W\u00fc im WuF-Zentrum. Immer am Mittwochabend bietet das Team der Rosa Hilfe Telefon- und Internetberatung an. Keinen festen Termin hat das Angebot von \u201eQueere Weiber\u201c f\u00fcr die Lesben in W\u00fcrzburg und Umgebung. Schau doch einfach mal in unseren Kalender! Die aktuelle Satzung findest du HIER<\/p>\n","protected":false},"author":2,"featured_media":0,"parent":0,"menu_order":0,"comment_status":"closed","ping_status":"closed","template":"","meta":{"footnotes":""},"class_list":["post-1217","page","type-page","status-publish","hentry"],"_links":{"self":[{"href":"https:\/\/www.wufzentrum.de\/index.php\/wp-json\/wp\/v2\/pages\/1217","targetHints":{"allow":["GET"]}}],"collection":[{"href":"https:\/\/www.wufzentrum.de\/index.php\/wp-json\/wp\/v2\/pages"}],"about":[{"href":"https:\/\/www.wufzentrum.de\/index.php\/wp-json\/wp\/v2\/types\/page"}],"author":[{"embeddable":true,"href":"https:\/\/www.wufzentrum.de\/index.php\/wp-json\/wp\/v2\/users\/2"}],"replies":[{"embeddable":true,"href":"https:\/\/www.wufzentrum.de\/index.php\/wp-json\/wp\/v2\/comments?post=1217"}],"version-history":[{"count":13,"href":"https:\/\/www.wufzentrum.de\/index.php\/wp-json\/wp\/v2\/pages\/1217\/revisions"}],"predecessor-version":[{"id":2946,"href":"https:\/\/www.wufzentrum.de\/index.php\/wp-json\/wp\/v2\/pages\/1217\/revisions\/2946"}],"wp:attachment":[{"href":"https:\/\/www.wufzentrum.de\/index.php\/wp-json\/wp\/v2\/media?parent=1217"}],"curies":[{"name":"wp","href":"https:\/\/api.w.org\/{rel}","templated":true}]}}